{"id":2777,"date":"2026-01-03T00:27:41","date_gmt":"2026-01-03T05:27:41","guid":{"rendered":"https:\/\/gedpreparationcenter.com\/login-2\/"},"modified":"2026-01-06T22:37:32","modified_gmt":"2026-01-07T03:37:32","slug":"login","status":"publish","type":"page","link":"https:\/\/gedpreparationcenter.com\/es\/login\/","title":{"rendered":"Inicio de sesi\u00f3n"},"content":{"rendered":"<div data-elementor-type=\"wp-page\" data-elementor-id=\"2777\" class=\"elementor elementor-2777\">\n\t\t\t\t<div class=\"elementor-element elementor-element-9bd1018 e-flex e-con-boxed e-con e-parent\" data-id=\"9bd1018\" data-element_type=\"container\">\n\t\t\t\t\t<div class=\"e-con-inner\">\n\t\t<div class=\"elementor-element elementor-element-b89df16 e-con-full credentials-form-container e-flex e-con e-child\" data-id=\"b89df16\" data-element_type=\"container\">\n\t\t\t\t<div class=\"elementor-element elementor-element-1e7a80f elementor-widget elementor-widget-text-editor\" data-id=\"1e7a80f\" data-element_type=\"widget\" data-widget_type=\"text-editor.default\">\n\t\t\t\t<div class=\"elementor-widget-container\">\n\t\t\t\t\t\t\t\t\t<h3>Estudiantes existentes<\/h3>\nSi ya est\u00e1s registrado, inicia sesi\u00f3n con tus credenciales a continuaci\u00f3n.\n<br>\nSi no tienes una cuenta, <a href=\"\/es\/register\/\">reg\u00edstrate aqu\u00ed<\/a>\t\t\t\t\t\t\t\t<\/div>\n\t\t\t\t<\/div>\n\t\t\t\t<div class=\"elementor-element elementor-element-85a8d18 elementor-widget__width-inherit elementor-widget elementor-widget-shortcode\" data-id=\"85a8d18\" data-element_type=\"widget\" data-widget_type=\"shortcode.default\">\n\t\t\t\t<div class=\"elementor-widget-container\">\n\t\t\t\t\t\t\t<div class=\"elementor-shortcode\">\n<div class=\"um um-login um-2773\">\n\t<div class=\"um-form\">\n\t\t<form method=\"post\" action=\"\" autocomplete=\"off\" data-trp-original-action=\"\">\n\t\t\t<div class=\"um-row _um_row_1\" style=\"margin: 0 0 30px 0;\"><div class=\"um-col-1\"><div  id=\"um_field_2773_username\" class=\"um-field um-field-text  um-field-username um-field-text um-field-type_text\" data-key=\"username\"><div class=\"um-field-label\"><label for=\"username-2773\">E-mail<span class=\"um-req\" title=\"Obligatorio\">*<\/span><\/label><div class=\"um-clear\"><\/div><\/div><div class=\"um-field-area\"><input  autocomplete=\"off\" class=\"um-form-field valid\" type=\"text\" name=\"username-2773\" id=\"username-2773\" value=\"\" placeholder=\"\" data-validate=\"\" data-key=\"username\"  aria-invalid=\"false\" \/>\n\n\t\t\t\t\t\t<\/div><\/div><div  id=\"um_field_2773_user_password\" class=\"um-field um-field-password  um-field-user_password um-field-password um-field-type_password\" data-key=\"user_password\"><div class=\"um-field-label\"><label for=\"user_password-2773\">Contrase\u00f1a<span class=\"um-req\" title=\"Obligatorio\">*<\/span><\/label><div class=\"um-clear\"><\/div><\/div><div class=\"um-field-area\"><input class=\"um-form-field valid\" type=\"password\" name=\"user_password-2773\" id=\"user_password-2773\" value=\"\" placeholder=\"\" data-validate=\"\" data-key=\"user_password\"  aria-invalid=\"false\" \/>\n\n\t\t\t\t\t\t\t<\/div><\/div><div class=\"um-field um-field-hcaptcha\">\t\t<input\n\t\t\t\ttype=\"hidden\"\n\t\t\t\tclass=\"hcaptcha-widget-id\"\n\t\t\t\tname=\"hcaptcha-widget-id\"\n\t\t\t\tvalue=\"eyJzb3VyY2UiOlsidWx0aW1hdGUtbWVtYmVyXC91bHRpbWF0ZS1tZW1iZXIucGhwIl0sImZvcm1faWQiOjI3NzN9-8317690b72f417359429385824e8fdee\">\n\t\t\t\t<h-captcha\n\t\t\tclass=\"h-captcha\"\n\t\t\tdata-sitekey=\"504a3b5a-a814-42fe-bc9e-886ca6f68104\"\n\t\t\tdata-theme=\"light\"\n\t\t\tdata-size=\"normal\"\n\t\t\tdata-auto=\"false\"\n\t\t\tdata-ajax=\"false\"\n\t\t\tdata-force=\"true\">\n\t\t<\/h-captcha>\n\t\t<input type=\"hidden\" id=\"hcaptcha_um_login_nonce\" name=\"hcaptcha_um_login_nonce\" value=\"05eca9f9b1\" \/><input type=\"hidden\" name=\"_wp_http_referer\" value=\"\/es\/wp-json\/wp\/v2\/pages\/2777\" \/>\t\t<label for=\"hcap_hp_YN3X6OKBtXHW\"><\/label>\n\t\t<input\n\t\t\t\ttype=\"text\" id=\"hcap_hp_YN3X6OKBtXHW\" name=\"hcap_hp_YN3X6OKBtXHW\" value=\"\"\n\t\t\t\treadonly inputmode=\"none\" autocomplete=\"new-password\" tabindex=\"-1\" aria-hidden=\"true\"\n\t\t\t\tstyle=\"position:absolute; left:-9999px; top:auto; height:0; width:0; opacity:0;\"\/>\n\t\t<input type=\"hidden\" name=\"hcap_hp_sig\" value=\"785383e056\"\/>\n\t\t<\/div><\/div><\/div>\t<input type=\"hidden\" name=\"form_id\" id=\"form_id_2773\" value=\"2773\" \/>\n\t\t<p class=\"um_request_name\">\n\t\t<label for=\"um_request_2773\">Only fill in if you are not human<\/label>\n\t\t<input type=\"hidden\" name=\"um_request\" id=\"um_request_2773\" class=\"input\" value=\"\" size=\"25\" autocomplete=\"off\" \/>\n\t<\/p>\n\t<input type=\"hidden\" id=\"_wpnonce\" name=\"_wpnonce\" value=\"ca96e34a66\" \/><input type=\"hidden\" name=\"_wp_http_referer\" value=\"\/es\/wp-json\/wp\/v2\/pages\/2777\" \/>\n\t<div class=\"um-col-alt\">\n\n\t\t\n\n\t\t\t<div class=\"um-field um-field-c\">\n\t\t\t\t<div class=\"um-field-area\">\n\t\t\t\t\t<label class=\"um-field-checkbox\">\n\t\t\t\t\t\t<input type=\"checkbox\" name=\"rememberme\" value=\"1\"  \/>\n\t\t\t\t\t\t<span class=\"um-field-checkbox-state\"><i class=\"um-icon-android-checkbox-outline-blank\"><\/i><\/span>\n\t\t\t\t\t\t<span class=\"um-field-checkbox-option\"> Mantenerme conectado<\/span>\n\t\t\t\t\t<\/label>\n\t\t\t\t<\/div>\n\t\t\t<\/div>\n\n\t\t\t\t\t\t<div class=\"um-clear\"><\/div>\n\t\t\n\t\t\t<div class=\"um-center\">\n\t\t\t\t<input type=\"submit\" value=\"Acceder\" class=\"um-button\" id=\"um-submit-btn\" \/>\n\t\t\t<\/div>\n\n\t\t\n\t\t<div class=\"um-clear\"><\/div>\n\n\t<\/div>\n\n\t\n\t<div class=\"um-col-alt-b\">\n\t\t<a href=\"https:\/\/gedpreparationcenter.com\/es\/password-reset\/\" class=\"um-link-alt\">\n\t\t\t\u00bfHas olvidado tu contrase\u00f1a?\t\t<\/a>\n\t<\/div>\n\n\t\t\t<input type=\"hidden\" name=\"trp-form-language\" value=\"es\"\/><\/form>\n\t<\/div>\n<\/div>\n<style>\n\t\t\t.um-2773.um {\n\t\t\tmax-width: 450px;\n\t\t}\n\t\t<\/style>\n<\/div>\n\t\t\t\t\t\t<\/div>\n\t\t\t\t<\/div>\n\t\t\t\t<\/div>\n\t\t\t\t\t<\/div>\n\t\t\t\t<\/div>\n\t\t\t\t<\/div>","protected":false},"excerpt":{"rendered":"<p>Estudiantes existentes Si ya est\u00e1 registrado, inicie sesi\u00f3n con sus credenciales a continuaci\u00f3n. Si no tiene una cuenta, reg\u00edstrese aqu\u00ed<\/p>","protected":false},"author":1,"featured_media":0,"parent":0,"menu_order":0,"comment_status":"closed","ping_status":"closed","template":"","meta":{"footnotes":""},"class_list":["post-2777","page","type-page","status-publish","hentry"],"yoast_head":"<!-- This site is optimized with the Yoast SEO plugin v27.2 - https:\/\/yoast.com\/product\/yoast-seo-wordpress\/ -->\n<title>Login - GED Preparation Center<\/title>\n<meta name=\"robots\" content=\"index, follow, max-snippet:-1, max-image-preview:large, max-video-preview:-1\" \/>\n<link rel=\"canonical\" href=\"https:\/\/gedpreparationcenter.com\/es\/login\/\" \/>\n<meta property=\"og:locale\" content=\"es_ES\" \/>\n<meta property=\"og:type\" content=\"article\" \/>\n<meta property=\"og:title\" content=\"Login - GED Preparation Center\" \/>\n<meta property=\"og:description\" content=\"Existing students If you are already registered, log in with your credentials below. If you do not have an account, register here\" \/>\n<meta property=\"og:url\" content=\"https:\/\/gedpreparationcenter.com\/es\/login\/\" \/>\n<meta property=\"og:site_name\" content=\"GED Preparation Center\" \/>\n<meta property=\"article:modified_time\" content=\"2026-01-07T03:37:32+00:00\" \/>\n<meta name=\"twitter:card\" content=\"summary_large_image\" \/>\n<meta name=\"twitter:label1\" content=\"Tiempo de lectura\" \/>\n\t<meta name=\"twitter:data1\" content=\"1 minuto\" \/>\n<script type=\"application\/ld+json\" class=\"yoast-schema-graph\">{\"@context\":\"https:\/\/schema.org\",\"@graph\":[{\"@type\":\"WebPage\",\"@id\":\"https:\/\/gedpreparationcenter.com\/login\/\",\"url\":\"https:\/\/gedpreparationcenter.com\/login\/\",\"name\":\"Login - GED Preparation Center\",\"isPartOf\":{\"@id\":\"https:\/\/gedpreparationcenter.com\/#website\"},\"datePublished\":\"2026-01-03T05:27:41+00:00\",\"dateModified\":\"2026-01-07T03:37:32+00:00\",\"breadcrumb\":{\"@id\":\"https:\/\/gedpreparationcenter.com\/login\/#breadcrumb\"},\"inLanguage\":\"es\",\"potentialAction\":[{\"@type\":\"ReadAction\",\"target\":[\"https:\/\/gedpreparationcenter.com\/login\/\"]}]},{\"@type\":\"BreadcrumbList\",\"@id\":\"https:\/\/gedpreparationcenter.com\/login\/#breadcrumb\",\"itemListElement\":[{\"@type\":\"ListItem\",\"position\":1,\"name\":\"Home\",\"item\":\"https:\/\/gedpreparationcenter.com\/\"},{\"@type\":\"ListItem\",\"position\":2,\"name\":\"Login\"}]},{\"@type\":\"WebSite\",\"@id\":\"https:\/\/gedpreparationcenter.com\/#website\",\"url\":\"https:\/\/gedpreparationcenter.com\/\",\"name\":\"GED Preparation Center\",\"description\":\"\",\"publisher\":{\"@id\":\"https:\/\/gedpreparationcenter.com\/#organization\"},\"potentialAction\":[{\"@type\":\"SearchAction\",\"target\":{\"@type\":\"EntryPoint\",\"urlTemplate\":\"https:\/\/gedpreparationcenter.com\/?s={search_term_string}\"},\"query-input\":{\"@type\":\"PropertyValueSpecification\",\"valueRequired\":true,\"valueName\":\"search_term_string\"}}],\"inLanguage\":\"es\"},{\"@type\":\"Organization\",\"@id\":\"https:\/\/gedpreparationcenter.com\/#organization\",\"name\":\"GED Preparation Center\",\"url\":\"https:\/\/gedpreparationcenter.com\/\",\"logo\":{\"@type\":\"ImageObject\",\"inLanguage\":\"es\",\"@id\":\"https:\/\/gedpreparationcenter.com\/#\/schema\/logo\/image\/\",\"url\":\"https:\/\/gedpreparationcenter.com\/wp-content\/uploads\/2024\/08\/favicon.png\",\"contentUrl\":\"https:\/\/gedpreparationcenter.com\/wp-content\/uploads\/2024\/08\/favicon.png\",\"width\":1024,\"height\":1024,\"caption\":\"GED Preparation Center\"},\"image\":{\"@id\":\"https:\/\/gedpreparationcenter.com\/#\/schema\/logo\/image\/\"},\"sameAs\":[\"https:\/\/instagram.com\/gedpreparationcenter\"]}]}<\/script>\n<!-- \/ Yoast SEO plugin. -->","yoast_head_json":{"title":"Inicio de sesi\u00f3n - GED Preparation Center","robots":{"index":"index","follow":"follow","max-snippet":"max-snippet:-1","max-image-preview":"max-image-preview:large","max-video-preview":"max-video-preview:-1"},"canonical":"https:\/\/gedpreparationcenter.com\/es\/login\/","og_locale":"es_ES","og_type":"article","og_title":"Login - GED Preparation Center","og_description":"Existing students If you are already registered, log in with your credentials below. If you do not have an account, register here","og_url":"https:\/\/gedpreparationcenter.com\/es\/login\/","og_site_name":"GED Preparation Center","article_modified_time":"2026-01-07T03:37:32+00:00","twitter_card":"summary_large_image","twitter_misc":{"Tiempo de lectura":"1 minuto"},"schema":{"@context":"https:\/\/schema.org","@graph":[{"@type":"WebPage","@id":"https:\/\/gedpreparationcenter.com\/login\/","url":"https:\/\/gedpreparationcenter.com\/login\/","name":"Inicio de sesi\u00f3n - GED Preparation Center","isPartOf":{"@id":"https:\/\/gedpreparationcenter.com\/#website"},"datePublished":"2026-01-03T05:27:41+00:00","dateModified":"2026-01-07T03:37:32+00:00","breadcrumb":{"@id":"https:\/\/gedpreparationcenter.com\/login\/#breadcrumb"},"inLanguage":"es","potentialAction":[{"@type":"ReadAction","target":["https:\/\/gedpreparationcenter.com\/login\/"]}]},{"@type":"BreadcrumbList","@id":"https:\/\/gedpreparationcenter.com\/login\/#breadcrumb","itemListElement":[{"@type":"ListItem","position":1,"name":"Home","item":"https:\/\/gedpreparationcenter.com\/"},{"@type":"ListItem","position":2,"name":"Login"}]},{"@type":"WebSite","@id":"https:\/\/gedpreparationcenter.com\/#website","url":"https:\/\/gedpreparationcenter.com\/","name":"Centro de Preparaci\u00f3n para el GED","description":"","publisher":{"@id":"https:\/\/gedpreparationcenter.com\/#organization"},"potentialAction":[{"@type":"SearchAction","target":{"@type":"EntryPoint","urlTemplate":"https:\/\/gedpreparationcenter.com\/?s={search_term_string}"},"query-input":{"@type":"PropertyValueSpecification","valueRequired":true,"valueName":"search_term_string"}}],"inLanguage":"es"},{"@type":"Organization","@id":"https:\/\/gedpreparationcenter.com\/#organization","name":"Centro de Preparaci\u00f3n para el GED","url":"https:\/\/gedpreparationcenter.com\/","logo":{"@type":"ImageObject","inLanguage":"es","@id":"https:\/\/gedpreparationcenter.com\/#\/schema\/logo\/image\/","url":"https:\/\/gedpreparationcenter.com\/wp-content\/uploads\/2024\/08\/favicon.png","contentUrl":"https:\/\/gedpreparationcenter.com\/wp-content\/uploads\/2024\/08\/favicon.png","width":1024,"height":1024,"caption":"GED Preparation Center"},"image":{"@id":"https:\/\/gedpreparationcenter.com\/#\/schema\/logo\/image\/"},"sameAs":["https:\/\/instagram.com\/gedpreparationcenter"]}]}},"_links":{"self":[{"href":"https:\/\/gedpreparationcenter.com\/es\/wp-json\/wp\/v2\/pages\/2777","targetHints":{"allow":["GET"]}}],"collection":[{"href":"https:\/\/gedpreparationcenter.com\/es\/wp-json\/wp\/v2\/pages"}],"about":[{"href":"https:\/\/gedpreparationcenter.com\/es\/wp-json\/wp\/v2\/types\/page"}],"author":[{"embeddable":true,"href":"https:\/\/gedpreparationcenter.com\/es\/wp-json\/wp\/v2\/users\/1"}],"replies":[{"embeddable":true,"href":"https:\/\/gedpreparationcenter.com\/es\/wp-json\/wp\/v2\/comments?post=2777"}],"version-history":[{"count":50,"href":"https:\/\/gedpreparationcenter.com\/es\/wp-json\/wp\/v2\/pages\/2777\/revisions"}],"predecessor-version":[{"id":3011,"href":"https:\/\/gedpreparationcenter.com\/es\/wp-json\/wp\/v2\/pages\/2777\/revisions\/3011"}],"wp:attachment":[{"href":"https:\/\/gedpreparationcenter.com\/es\/wp-json\/wp\/v2\/media?parent=2777"}],"curies":[{"name":"wp","href":"https:\/\/api.w.org\/{rel}","templated":true}]}}