{"id":528,"date":"2024-08-06T18:12:57","date_gmt":"2024-08-06T22:12:57","guid":{"rendered":"https:\/\/gedpreparationcenter.com\/?page_id=528"},"modified":"2026-01-02T02:02:11","modified_gmt":"2026-01-02T07:02:11","slug":"clases","status":"publish","type":"page","link":"https:\/\/gedpreparationcenter.com\/es\/clases\/","title":{"rendered":"Clases"},"content":{"rendered":"<div class=\"tp-lang-es woocommerce columns-3\">\n\t<div class=\"products_wrapper mfn-woo-products isotope_wrapper default-woo-loop lm_wrapper\">\n    \t<ul class=\"products\">\n\t\t\t<li class=\"isotope-item align-center product type-product post-2067 status-publish first instock product_cat-ged-espanol has-post-thumbnail virtual purchasable product-type-simple\">\n\n    \t\t\t<div class=\"mfn-li-product-row mfn-li-product-row-image\">\n    \t\t\t\t<div class=\"image_frame scale-with-grid product-loop-thumb\">\n    \t\t\t\t\t<div class=\"image_wrapper\">\n    \t\t\t\t\t\t<a href=\"https:\/\/gedpreparationcenter.com\/es\/clases\/ged-presencial\/\" aria-label=\"GED Clase presencial (Espa\u00f1ol)\" tabindex=\"-1\">\n    \t\t\t\t\t\t\t<div class=\"mask\"><\/div>\n    \t\t\t\t\t\t\t<img fetchpriority=\"high\" decoding=\"async\" width=\"800\" height=\"597\" src=\"https:\/\/gedpreparationcenter.com\/wp-content\/uploads\/2025\/09\/ged-students-desk-800x597.jpg\" class=\"attachment-woocommerce_thumbnail size-woocommerce_thumbnail\" alt=\"GED Clase presencial (Espa\u00f1ol)\">\n    \t\t\t\t\t\t<\/a>\n    \t\t\t\t\t\t<div class=\"image_links\">\n    \t\t\t\t\t\t\t<a rel=\"nofollow\" tabindex=\"-1\" href=\"?add-to-cart=2067\" data-quantity=\"1\" data-product_id=\"2067\" class=\"add_to_cart_button ajax_add_to_cart product_type_simple\"><svg viewbox=\"0 0 26 26\"><defs><style>.path{fill:none;stroke:#333;stroke-miterlimit:10;stroke-width:1.5px;}<\/style><\/defs><polygon class=\"path\" points=\"20.4 20.4 5.6 20.4 6.83 10.53 19.17 10.53 20.4 20.4\"><\/polygon><path class=\"path\" d=\"M9.3,10.53V9.3a3.7,3.7,0,1,1,7.4,0v1.23\"><\/path><\/svg><\/a><a class=\"link\" tabindex=\"-1\" href=\"https:\/\/gedpreparationcenter.com\/es\/classes\/ged-clase-presencial-espanol\/\"><svg viewbox=\"0 0 26 26\"><defs><style>.path{fill:none;stroke:#333;stroke-miterlimit:10;stroke-width:1.5px;}<\/style><\/defs><g><path d=\"M10.17,8.76l2.12-2.12a5,5,0,0,1,7.07,0h0a5,5,0,0,1,0,7.07l-2.12,2.12\" class=\"path\"><\/path><path d=\"M15.83,17.24l-2.12,2.12a5,5,0,0,1-7.07,0h0a5,5,0,0,1,0-7.07l2.12-2.12\" class=\"path\"><\/path><line x1=\"10.17\" y1=\"15.83\" x2=\"15.83\" y2=\"10.17\" class=\"path\"><\/line><\/g><\/svg><\/a><\/div><\/div><a href=\"https:\/\/gedpreparationcenter.com\/es\/clases\/ged-presencial\/\" aria-label=\"GED Clase presencial (Espa\u00f1ol)\" tabindex=\"-1\"><span class=\"product-loading-icon added-cart\"><\/span><\/a>\n    \t\t\t\t\t\t<\/div>\n    \t\t\t\t\t<\/div>\n    \t\t\t<div class=\"desc\">\n        \t\t\t<h4 class=\"mfn-woo-product-title\"><a href=\"https:\/\/gedpreparationcenter.com\/es\/clases\/ged-presencial\/\"><span data-no-translation>GED Clase presencial (Espa\u00f1ol)<\/span><\/a><\/h4>\n        \n    \t\t\t\t<span class=\"price\">\n    \t\t\t\t\t<span class=\"woocommerce-Price-amount amount\">\n    \t\t\t\t\t\t<bdi><span class=\"woocommerce-Price-currencySymbol\">$<\/span>500.00<\/bdi>\n    \t\t\t\t\t<\/span>\n    \t\t\t\t<\/span>\n\t\t\t\t\t<div class=\"mfn-li-product-row mfn-li-product-row-button hide-button\"><\/div>\n    \t\t\t<\/div>\n\t\t\t<\/li>\n\t\t\t<li class=\"isotope-item align-center product type-product post-400 status-publish instock product_cat-ged-espanol has-post-thumbnail downloadable virtual sold-individually purchasable product-type-simple\">\n    \t\t\t<div class=\"mfn-li-product-row mfn-li-product-row-image\">\n    \t\t\t\t<div class=\"image_frame scale-with-grid product-loop-thumb\">\n    \t\t\t\t\t<div class=\"image_wrapper\">\n    \t\t\t\t\t\t<a href=\"https:\/\/gedpreparationcenter.com\/es\/clases\/ged-en-linea\/\" aria-label=\"GED Clase en l\u00ednea (en Espa\u00f1ol)\" tabindex=\"-1\">\n    \t\t\t\t\t\t\t<div class=\"mask\"><\/div><img decoding=\"async\" width=\"800\" height=\"597\" src=\"https:\/\/gedpreparationcenter.com\/wp-content\/uploads\/2024\/08\/ged-student-800x597.jpg\" class=\"attachment-woocommerce_thumbnail size-woocommerce_thumbnail\" alt=\"GED Clase en l\u00ednea (en Espa\u00f1ol)\">\n    \t\t\t\t\t\t<\/a>\n    \t\t\t\t\t\t<div class=\"image_links\">\n    \t\t\t\t\t\t\t<a rel=\"nofollow\" tabindex=\"-1\" href=\"?add-to-cart=400\" data-quantity=\"1\" data-product_id=\"400\" class=\"add_to_cart_button ajax_add_to_cart product_type_simple\">\n    \t\t\t\t\t\t\t\t<svg viewbox=\"0 0 26 26\"><defs><style>.path{fill:none;stroke:#333;stroke-miterlimit:10;stroke-width:1.5px;}<\/style><\/defs><polygon class=\"path\" points=\"20.4 20.4 5.6 20.4 6.83 10.53 19.17 10.53 20.4 20.4\"><\/polygon><path class=\"path\" d=\"M9.3,10.53V9.3a3.7,3.7,0,1,1,7.4,0v1.23\"><\/path>\n    \t\t\t\t\t\t\t\t<\/svg>\n\t\t\t\t\t\t\t\t<\/a>\n\t\t\t\t\t\t\t\t<a class=\"link\" tabindex=\"-1\" href=\"https:\/\/gedpreparationcenter.com\/es\/classes\/ged-clase-en-linea-espanol\/\">\n    \t\t\t\t\t\t\t\t\t<svg viewbox=\"0 0 26 26\"><defs><style>.path{fill:none;stroke:#333;stroke-miterlimit:10;stroke-width:1.5px;}<\/style><\/defs><g><path d=\"M10.17,8.76l2.12-2.12a5,5,0,0,1,7.07,0h0a5,5,0,0,1,0,7.07l-2.12,2.12\" class=\"path\"><\/path><path d=\"M15.83,17.24l-2.12,2.12a5,5,0,0,1-7.07,0h0a5,5,0,0,1,0-7.07l2.12-2.12\" class=\"path\"><\/path><line x1=\"10.17\" y1=\"15.83\" x2=\"15.83\" y2=\"10.17\" class=\"path\"><\/line><\/g><\/svg>\n    \t\t\t\t\t\t\t\t<\/a>\n    \t\t\t\t\t\t\t<\/div>\n    \t\t\t\t\t\t<\/div>\n    \t\t\t\t\t\t<a href=\"https:\/\/gedpreparationcenter.com\/es\/classes\/ged-clase-en-linea-espanol\/\" aria-label=\"GED Clase en l\u00ednea (Espa\u00f1ol)\" tabindex=\"-1\">\n    \t\t\t\t\t\t\t<span class=\"product-loading-icon added-cart\"><\/span>\n    \t\t\t\t\t\t<\/a>\n    \t\t\t\t\t<\/div>\n    \t\t\t\t<\/div>\n    \t\t\t<div class=\"desc\">       \n\t        \t\t<h4 class=\"mfn-woo-product-title\">\n\t        \t\t\t<a href=\"https:\/\/gedpreparationcenter.com\/es\/clases\/ged-en-linea\/\"><span data-no-translation>GED Clase en l\u00ednea (Espa\u00f1ol)<\/span><\/a>\n\t        \t\t<\/h4>\n\t\t\t\t\t<span class=\"price\">\n\t\t\t\t\t\t<span class=\"woocommerce-Price-amount amount\">\n\t\t\t\t\t\t\t<bdi>\n\t\t\t\t\t\t\t\t<span class=\"woocommerce-Price-currencySymbol\">$<\/span>300.00<\/bdi>\n\t\t\t\t\t\t<\/span>\n\t\t\t\t\t<\/span>\n\t\t\t\t\t<div class=\"mfn-li-product-row mfn-li-product-row-button hide-button\"><\/div>\n    \t\t\t<\/div>\n\t\t\t<\/li>\n    \t<\/ul>\n\t<\/div>\n<\/div>\n\n\n\n<p><\/p>","protected":false},"excerpt":{"rendered":"<p>GED Clase presencial (Espa\u00f1ol) $500.00 GED Clase en l\u00ednea (Espa\u00f1ol) $300.00<\/p>","protected":false},"author":1,"featured_media":0,"parent":0,"menu_order":0,"comment_status":"closed","ping_status":"closed","template":"","meta":{"footnotes":""},"class_list":["post-528","page","type-page","status-publish","hentry"],"yoast_head":"<!-- This site is optimized with the Yoast SEO plugin v27.2 - https:\/\/yoast.com\/product\/yoast-seo-wordpress\/ -->\n<title>Clases - GED Preparation Center<\/title>\n<meta name=\"robots\" content=\"index, follow, max-snippet:-1, max-image-preview:large, max-video-preview:-1\" \/>\n<link rel=\"canonical\" href=\"https:\/\/gedpreparationcenter.com\/es\/clases\/\" \/>\n<meta property=\"og:locale\" content=\"es_ES\" \/>\n<meta property=\"og:type\" content=\"article\" \/>\n<meta property=\"og:title\" content=\"Clases - GED Preparation Center\" \/>\n<meta property=\"og:description\" content=\"GED Clase presencial (Espa\u00f1ol) $500.00 GED Clase en l\u00ednea (Espa\u00f1ol) $300.00\" \/>\n<meta property=\"og:url\" content=\"https:\/\/gedpreparationcenter.com\/es\/clases\/\" \/>\n<meta property=\"og:site_name\" content=\"GED Preparation Center\" \/>\n<meta property=\"article:modified_time\" content=\"2026-01-02T07:02:11+00:00\" \/>\n<meta property=\"og:image\" content=\"https:\/\/gedpreparationcenter.com\/wp-content\/uploads\/2025\/09\/ged-students-desk-800x597.jpg\" \/>\n<meta name=\"twitter:card\" content=\"summary_large_image\" \/>\n<meta name=\"twitter:label1\" content=\"Tiempo de lectura\" \/>\n\t<meta name=\"twitter:data1\" content=\"1 minuto\" \/>\n<script type=\"application\/ld+json\" class=\"yoast-schema-graph\">{\"@context\":\"https:\/\/schema.org\",\"@graph\":[{\"@type\":\"WebPage\",\"@id\":\"https:\/\/gedpreparationcenter.com\/clases\/\",\"url\":\"https:\/\/gedpreparationcenter.com\/clases\/\",\"name\":\"Clases - GED Preparation Center\",\"isPartOf\":{\"@id\":\"https:\/\/gedpreparationcenter.com\/#website\"},\"primaryImageOfPage\":{\"@id\":\"https:\/\/gedpreparationcenter.com\/clases\/#primaryimage\"},\"image\":{\"@id\":\"https:\/\/gedpreparationcenter.com\/clases\/#primaryimage\"},\"thumbnailUrl\":\"https:\/\/gedpreparationcenter.com\/wp-content\/uploads\/2025\/09\/ged-students-desk-800x597.jpg\",\"datePublished\":\"2024-08-06T22:12:57+00:00\",\"dateModified\":\"2026-01-02T07:02:11+00:00\",\"breadcrumb\":{\"@id\":\"https:\/\/gedpreparationcenter.com\/clases\/#breadcrumb\"},\"inLanguage\":\"es\",\"potentialAction\":[{\"@type\":\"ReadAction\",\"target\":[\"https:\/\/gedpreparationcenter.com\/clases\/\"]}]},{\"@type\":\"ImageObject\",\"inLanguage\":\"es\",\"@id\":\"https:\/\/gedpreparationcenter.com\/clases\/#primaryimage\",\"url\":\"https:\/\/gedpreparationcenter.com\/wp-content\/uploads\/2025\/09\/ged-students-desk-800x597.jpg\",\"contentUrl\":\"https:\/\/gedpreparationcenter.com\/wp-content\/uploads\/2025\/09\/ged-students-desk-800x597.jpg\"},{\"@type\":\"BreadcrumbList\",\"@id\":\"https:\/\/gedpreparationcenter.com\/clases\/#breadcrumb\",\"itemListElement\":[{\"@type\":\"ListItem\",\"position\":1,\"name\":\"Home\",\"item\":\"https:\/\/gedpreparationcenter.com\/\"},{\"@type\":\"ListItem\",\"position\":2,\"name\":\"Clases\"}]},{\"@type\":\"WebSite\",\"@id\":\"https:\/\/gedpreparationcenter.com\/#website\",\"url\":\"https:\/\/gedpreparationcenter.com\/\",\"name\":\"GED Preparation Center\",\"description\":\"\",\"publisher\":{\"@id\":\"https:\/\/gedpreparationcenter.com\/#organization\"},\"potentialAction\":[{\"@type\":\"SearchAction\",\"target\":{\"@type\":\"EntryPoint\",\"urlTemplate\":\"https:\/\/gedpreparationcenter.com\/?s={search_term_string}\"},\"query-input\":{\"@type\":\"PropertyValueSpecification\",\"valueRequired\":true,\"valueName\":\"search_term_string\"}}],\"inLanguage\":\"es\"},{\"@type\":\"Organization\",\"@id\":\"https:\/\/gedpreparationcenter.com\/#organization\",\"name\":\"GED Preparation Center\",\"url\":\"https:\/\/gedpreparationcenter.com\/\",\"logo\":{\"@type\":\"ImageObject\",\"inLanguage\":\"es\",\"@id\":\"https:\/\/gedpreparationcenter.com\/#\/schema\/logo\/image\/\",\"url\":\"https:\/\/gedpreparationcenter.com\/wp-content\/uploads\/2024\/08\/favicon.png\",\"contentUrl\":\"https:\/\/gedpreparationcenter.com\/wp-content\/uploads\/2024\/08\/favicon.png\",\"width\":1024,\"height\":1024,\"caption\":\"GED Preparation Center\"},\"image\":{\"@id\":\"https:\/\/gedpreparationcenter.com\/#\/schema\/logo\/image\/\"},\"sameAs\":[\"https:\/\/instagram.com\/gedpreparationcenter\"]}]}<\/script>\n<!-- \/ Yoast SEO plugin. -->","yoast_head_json":{"title":"Clases - GED Preparation Center","robots":{"index":"index","follow":"follow","max-snippet":"max-snippet:-1","max-image-preview":"max-image-preview:large","max-video-preview":"max-video-preview:-1"},"canonical":"https:\/\/gedpreparationcenter.com\/es\/clases\/","og_locale":"es_ES","og_type":"article","og_title":"Clases - GED Preparation Center","og_description":"GED Clase presencial (Espa\u00f1ol) $500.00 GED Clase en l\u00ednea (Espa\u00f1ol) $300.00","og_url":"https:\/\/gedpreparationcenter.com\/es\/clases\/","og_site_name":"GED Preparation Center","article_modified_time":"2026-01-02T07:02:11+00:00","og_image":[{"url":"https:\/\/gedpreparationcenter.com\/wp-content\/uploads\/2025\/09\/ged-students-desk-800x597.jpg","type":"","width":"","height":""}],"twitter_card":"summary_large_image","twitter_misc":{"Tiempo de lectura":"1 minuto"},"schema":{"@context":"https:\/\/schema.org","@graph":[{"@type":"WebPage","@id":"https:\/\/gedpreparationcenter.com\/clases\/","url":"https:\/\/gedpreparationcenter.com\/clases\/","name":"Clases - GED Preparation Center","isPartOf":{"@id":"https:\/\/gedpreparationcenter.com\/#website"},"primaryImageOfPage":{"@id":"https:\/\/gedpreparationcenter.com\/clases\/#primaryimage"},"image":{"@id":"https:\/\/gedpreparationcenter.com\/clases\/#primaryimage"},"thumbnailUrl":"https:\/\/gedpreparationcenter.com\/wp-content\/uploads\/2025\/09\/ged-students-desk-800x597.jpg","datePublished":"2024-08-06T22:12:57+00:00","dateModified":"2026-01-02T07:02:11+00:00","breadcrumb":{"@id":"https:\/\/gedpreparationcenter.com\/clases\/#breadcrumb"},"inLanguage":"es","potentialAction":[{"@type":"ReadAction","target":["https:\/\/gedpreparationcenter.com\/clases\/"]}]},{"@type":"ImageObject","inLanguage":"es","@id":"https:\/\/gedpreparationcenter.com\/clases\/#primaryimage","url":"https:\/\/gedpreparationcenter.com\/wp-content\/uploads\/2025\/09\/ged-students-desk-800x597.jpg","contentUrl":"https:\/\/gedpreparationcenter.com\/wp-content\/uploads\/2025\/09\/ged-students-desk-800x597.jpg"},{"@type":"BreadcrumbList","@id":"https:\/\/gedpreparationcenter.com\/clases\/#breadcrumb","itemListElement":[{"@type":"ListItem","position":1,"name":"Home","item":"https:\/\/gedpreparationcenter.com\/"},{"@type":"ListItem","position":2,"name":"Clases"}]},{"@type":"WebSite","@id":"https:\/\/gedpreparationcenter.com\/#website","url":"https:\/\/gedpreparationcenter.com\/","name":"Centro de Preparaci\u00f3n para el GED","description":"","publisher":{"@id":"https:\/\/gedpreparationcenter.com\/#organization"},"potentialAction":[{"@type":"SearchAction","target":{"@type":"EntryPoint","urlTemplate":"https:\/\/gedpreparationcenter.com\/?s={search_term_string}"},"query-input":{"@type":"PropertyValueSpecification","valueRequired":true,"valueName":"search_term_string"}}],"inLanguage":"es"},{"@type":"Organization","@id":"https:\/\/gedpreparationcenter.com\/#organization","name":"Centro de Preparaci\u00f3n para el GED","url":"https:\/\/gedpreparationcenter.com\/","logo":{"@type":"ImageObject","inLanguage":"es","@id":"https:\/\/gedpreparationcenter.com\/#\/schema\/logo\/image\/","url":"https:\/\/gedpreparationcenter.com\/wp-content\/uploads\/2024\/08\/favicon.png","contentUrl":"https:\/\/gedpreparationcenter.com\/wp-content\/uploads\/2024\/08\/favicon.png","width":1024,"height":1024,"caption":"GED Preparation Center"},"image":{"@id":"https:\/\/gedpreparationcenter.com\/#\/schema\/logo\/image\/"},"sameAs":["https:\/\/instagram.com\/gedpreparationcenter"]}]}},"_links":{"self":[{"href":"https:\/\/gedpreparationcenter.com\/es\/wp-json\/wp\/v2\/pages\/528","targetHints":{"allow":["GET"]}}],"collection":[{"href":"https:\/\/gedpreparationcenter.com\/es\/wp-json\/wp\/v2\/pages"}],"about":[{"href":"https:\/\/gedpreparationcenter.com\/es\/wp-json\/wp\/v2\/types\/page"}],"author":[{"embeddable":true,"href":"https:\/\/gedpreparationcenter.com\/es\/wp-json\/wp\/v2\/users\/1"}],"replies":[{"embeddable":true,"href":"https:\/\/gedpreparationcenter.com\/es\/wp-json\/wp\/v2\/comments?post=528"}],"version-history":[{"count":2,"href":"https:\/\/gedpreparationcenter.com\/es\/wp-json\/wp\/v2\/pages\/528\/revisions"}],"predecessor-version":[{"id":2741,"href":"https:\/\/gedpreparationcenter.com\/es\/wp-json\/wp\/v2\/pages\/528\/revisions\/2741"}],"wp:attachment":[{"href":"https:\/\/gedpreparationcenter.com\/es\/wp-json\/wp\/v2\/media?parent=528"}],"curies":[{"name":"wp","href":"https:\/\/api.w.org\/{rel}","templated":true}]}}