{"id":2067,"date":"2025-09-05T20:33:09","date_gmt":"2025-09-06T00:33:09","guid":{"rendered":"https:\/\/gedpreparationcenter.com\/?post_type=product&#038;p=2067"},"modified":"2026-01-04T16:33:54","modified_gmt":"2026-01-04T21:33:54","slug":"ged-clase-presencial-espanol","status":"publish","type":"product","link":"https:\/\/gedpreparationcenter.com\/es\/shop\/ged-clase-presencial-espanol\/","title":{"rendered":"GED Clase presencial (Espa\u00f1ol)"},"content":{"rendered":"<p id=\"tw-target-text\" class=\"tw-data-text tw-text-large XcVN5d tw-ta\" dir=\"ltr\" data-placeholder=\"Translation\"><strong><span lang=\"es\">ACERCA DEL CURSO:<\/span><\/strong><\/p>\n<p data-start=\"189\" data-end=\"638\">Nuestras clases de formaci\u00f3n presenciales ofrecen una experiencia de aprendizaje directa y personalizada. Son impartidas por instructores altamente capacitados en un entorno din\u00e1mico, donde los estudiantes pueden enfocarse plenamente en su preparaci\u00f3n sin distracciones. Al asistir en persona, tendr\u00e1s la oportunidad de recibir orientaci\u00f3n inmediata, aclarar dudas al instante y participar en actividades pr\u00e1cticas que refuerzan tu aprendizaje.<\/p>\n<p data-start=\"640\" data-end=\"1002\"><strong data-start=\"640\" data-end=\"696\">\u00bfPuedo interactuar con el instructor? \u00a1Por supuesto!<\/strong> En nuestras clases presenciales, el contacto directo con el instructor y tus compa\u00f1eros fomenta la participaci\u00f3n activa. Se promueve el intercambio de ideas, la resoluci\u00f3n colaborativa de ejercicios y la retroalimentaci\u00f3n inmediata, lo que garantiza una preparaci\u00f3n s\u00f3lida y efectiva para tu examen GED.<\/p>\n<p><strong>HORARIO:<\/strong><\/p>\n<p>10 semanas. Lunes, Martes, y Mi\u00e9rcoles, disponible en dos horarios: 11 AM a 1 PM y 6 PM a 8 PM.<\/p>\n<p dir=\"ltr\" data-placeholder=\"Translation\"><strong>EX\u00c1MENES<\/strong>:<\/p>\n<p dir=\"ltr\" data-placeholder=\"Translation\">El precio no incluye las tarifas de Examenes. Todos los examenes se realizan en nuestro campus. Se debe programar una cita para realizar la prueba. El pago de los $500 es un UNICO pago que incluye la preparaci\u00f3n de todas las materias.<\/p>\n<p dir=\"ltr\" data-placeholder=\"Translation\"><strong>CREDENCIALES:<\/strong><\/p>\n<p dir=\"ltr\" data-placeholder=\"Translation\">Nuestra instituci\u00f3n est\u00e1 registrada en el Departamento de Educaci\u00f3n de Nueva Jersey. Para obtener m\u00e1s informaci\u00f3n sobre nuestras credenciales, ll\u00e1menos o env\u00ede un email a <a href=\"mailto:info@gedpreparationcenter.com\">info@gedpreparationcenter.com<\/a>.<\/p>\n<p class=\"tw-data-text tw-text-large XcVN5d tw-ta\" dir=\"ltr\" data-placeholder=\"Translation\"><strong><span lang=\"es\">MATERIAS:<\/span><\/strong><\/p>\n<ul>\n<li class=\"tw-data-text tw-text-large XcVN5d tw-ta\" dir=\"ltr\" data-placeholder=\"Translation\"><span lang=\"es\" style=\"color: #000000;\">Matem\u00e1ticas<\/span><\/li>\n<li class=\"tw-data-text tw-text-large XcVN5d tw-ta\" dir=\"ltr\" data-placeholder=\"Translation\"><span lang=\"es\" style=\"color: #000000;\">Ciencias<\/span><\/li>\n<li class=\"tw-data-text tw-text-large XcVN5d tw-ta\" dir=\"ltr\" data-placeholder=\"Translation\"><span lang=\"es\" style=\"color: #000000;\">Lectura<\/span><\/li>\n<li class=\"tw-data-text tw-text-large XcVN5d tw-ta\" dir=\"ltr\" data-placeholder=\"Translation\"><span lang=\"es\" style=\"color: #000000;\">Escritura <\/span><\/li>\n<li class=\"tw-data-text tw-text-large XcVN5d tw-ta\" dir=\"ltr\" data-placeholder=\"Translation\"><span lang=\"es\" style=\"color: #000000;\">Estudios Sociales<\/span><\/li>\n<\/ul>","protected":false},"excerpt":{"rendered":"<p>ACERCA DEL CURSO: Nuestras clases de capacitaci\u00f3n presenciales ofrecen una experiencia de aprendizaje directa y personalizada. Son impartidas por instructores altamente capacitados en un entorno din\u00e1mico,<span class=\"excerpt-hellip\"> [\u2026]<\/span><\/p>\n","protected":false},"featured_media":2065,"template":"","meta":[],"product_brand":[],"product_cat":[207],"product_tag":[],"class_list":{"0":"post-2067","1":"product","2":"type-product","3":"status-publish","4":"has-post-thumbnail","6":"product_cat-ged-espanol","8":"first","9":"instock","10":"virtual","11":"sold-individually","12":"purchasable","13":"product-type-simple"},"yoast_head":"<!-- This site is optimized with the Yoast SEO plugin v27.2 - https:\/\/yoast.com\/product\/yoast-seo-wordpress\/ -->\n<title>GED Clase presencial (Espa\u00f1ol) - GED Preparation Center<\/title>\n<meta name=\"description\" content=\"This is the page where you register for your online classes. You are registering for 5 subjects: Math, Science,Reading,Writing and Social Studies.\" \/>\n<meta name=\"robots\" content=\"index, follow, max-snippet:-1, max-image-preview:large, max-video-preview:-1\" \/>\n<link rel=\"canonical\" href=\"https:\/\/gedpreparationcenter.com\/es\/shop\/ged-clase-presencial-espanol\/\" \/>\n<meta property=\"og:locale\" content=\"es_ES\" \/>\n<meta property=\"og:type\" content=\"article\" \/>\n<meta property=\"og:title\" content=\"GED Clase presencial (Espa\u00f1ol) - GED Preparation Center\" \/>\n<meta property=\"og:description\" content=\"This is the page where you register for your online classes. You are registering for 5 subjects: Math, Science,Reading,Writing and Social Studies.\" \/>\n<meta property=\"og:url\" content=\"https:\/\/gedpreparationcenter.com\/es\/shop\/ged-clase-presencial-espanol\/\" \/>\n<meta property=\"og:site_name\" content=\"GED Preparation Center\" \/>\n<meta property=\"article:modified_time\" content=\"2026-01-04T21:33:54+00:00\" \/>\n<meta property=\"og:image\" content=\"https:\/\/gedpreparationcenter.com\/wp-content\/uploads\/2025\/09\/ged-students-desk.jpg\" \/>\n\t<meta property=\"og:image:width\" content=\"896\" \/>\n\t<meta property=\"og:image:height\" content=\"597\" \/>\n\t<meta property=\"og:image:type\" content=\"image\/jpeg\" \/>\n<meta name=\"twitter:card\" content=\"summary_large_image\" \/>\n<meta name=\"twitter:label1\" content=\"Tiempo de lectura\" \/>\n\t<meta name=\"twitter:data1\" content=\"2 minutos\" \/>\n<script type=\"application\/ld+json\" class=\"yoast-schema-graph\">{\"@context\":\"https:\/\/schema.org\",\"@graph\":[{\"@type\":\"WebPage\",\"@id\":\"https:\/\/gedpreparationcenter.com\/shop\/ged-clase-presencial-espanol\/\",\"url\":\"https:\/\/gedpreparationcenter.com\/shop\/ged-clase-presencial-espanol\/\",\"name\":\"GED Clase presencial (Espa\u00f1ol) - GED Preparation Center\",\"isPartOf\":{\"@id\":\"https:\/\/gedpreparationcenter.com\/#website\"},\"primaryImageOfPage\":{\"@id\":\"https:\/\/gedpreparationcenter.com\/shop\/ged-clase-presencial-espanol\/#primaryimage\"},\"image\":{\"@id\":\"https:\/\/gedpreparationcenter.com\/shop\/ged-clase-presencial-espanol\/#primaryimage\"},\"thumbnailUrl\":\"https:\/\/gedpreparationcenter.com\/wp-content\/uploads\/2025\/09\/ged-students-desk.jpg\",\"datePublished\":\"2025-09-06T00:33:09+00:00\",\"dateModified\":\"2026-01-04T21:33:54+00:00\",\"description\":\"This is the page where you register for your online classes. You are registering for 5 subjects: Math, Science,Reading,Writing and Social Studies.\",\"breadcrumb\":{\"@id\":\"https:\/\/gedpreparationcenter.com\/shop\/ged-clase-presencial-espanol\/#breadcrumb\"},\"inLanguage\":\"es\",\"potentialAction\":[{\"@type\":\"ReadAction\",\"target\":[\"https:\/\/gedpreparationcenter.com\/shop\/ged-clase-presencial-espanol\/\"]}]},{\"@type\":\"ImageObject\",\"inLanguage\":\"es\",\"@id\":\"https:\/\/gedpreparationcenter.com\/shop\/ged-clase-presencial-espanol\/#primaryimage\",\"url\":\"https:\/\/gedpreparationcenter.com\/wp-content\/uploads\/2025\/09\/ged-students-desk.jpg\",\"contentUrl\":\"https:\/\/gedpreparationcenter.com\/wp-content\/uploads\/2025\/09\/ged-students-desk.jpg\",\"width\":896,\"height\":597},{\"@type\":\"BreadcrumbList\",\"@id\":\"https:\/\/gedpreparationcenter.com\/shop\/ged-clase-presencial-espanol\/#breadcrumb\",\"itemListElement\":[{\"@type\":\"ListItem\",\"position\":1,\"name\":\"Home\",\"item\":\"https:\/\/gedpreparationcenter.com\/\"},{\"@type\":\"ListItem\",\"position\":2,\"name\":\"Shop\",\"item\":\"https:\/\/gedpreparationcenter.com\/shop\/\"},{\"@type\":\"ListItem\",\"position\":3,\"name\":\"GED Clase presencial (Espa\u00f1ol)\"}]},{\"@type\":\"WebSite\",\"@id\":\"https:\/\/gedpreparationcenter.com\/#website\",\"url\":\"https:\/\/gedpreparationcenter.com\/\",\"name\":\"GED Preparation Center\",\"description\":\"\",\"publisher\":{\"@id\":\"https:\/\/gedpreparationcenter.com\/#organization\"},\"potentialAction\":[{\"@type\":\"SearchAction\",\"target\":{\"@type\":\"EntryPoint\",\"urlTemplate\":\"https:\/\/gedpreparationcenter.com\/?s={search_term_string}\"},\"query-input\":{\"@type\":\"PropertyValueSpecification\",\"valueRequired\":true,\"valueName\":\"search_term_string\"}}],\"inLanguage\":\"es\"},{\"@type\":\"Organization\",\"@id\":\"https:\/\/gedpreparationcenter.com\/#organization\",\"name\":\"GED Preparation Center\",\"url\":\"https:\/\/gedpreparationcenter.com\/\",\"logo\":{\"@type\":\"ImageObject\",\"inLanguage\":\"es\",\"@id\":\"https:\/\/gedpreparationcenter.com\/#\/schema\/logo\/image\/\",\"url\":\"https:\/\/gedpreparationcenter.com\/wp-content\/uploads\/2024\/08\/favicon.png\",\"contentUrl\":\"https:\/\/gedpreparationcenter.com\/wp-content\/uploads\/2024\/08\/favicon.png\",\"width\":1024,\"height\":1024,\"caption\":\"GED Preparation Center\"},\"image\":{\"@id\":\"https:\/\/gedpreparationcenter.com\/#\/schema\/logo\/image\/\"},\"sameAs\":[\"https:\/\/instagram.com\/gedpreparationcenter\"]}]}<\/script>\n<!-- \/ Yoast SEO plugin. -->","yoast_head_json":{"title":"GED Clase presencial (Espa\u00f1ol) - GED Preparation Center","description":"Esta es la p\u00e1gina en la que se matricula en sus clases en l\u00ednea. Te inscribes en 5 asignaturas: Matem\u00e1ticas, Ciencias, Lectura, Escritura y Estudios Sociales.","robots":{"index":"index","follow":"follow","max-snippet":"max-snippet:-1","max-image-preview":"max-image-preview:large","max-video-preview":"max-video-preview:-1"},"canonical":"https:\/\/gedpreparationcenter.com\/es\/shop\/ged-clase-presencial-espanol\/","og_locale":"es_ES","og_type":"article","og_title":"GED Clase presencial (Espa\u00f1ol) - GED Preparation Center","og_description":"This is the page where you register for your online classes. You are registering for 5 subjects: Math, Science,Reading,Writing and Social Studies.","og_url":"https:\/\/gedpreparationcenter.com\/es\/shop\/ged-clase-presencial-espanol\/","og_site_name":"GED Preparation Center","article_modified_time":"2026-01-04T21:33:54+00:00","og_image":[{"width":896,"height":597,"url":"https:\/\/gedpreparationcenter.com\/wp-content\/uploads\/2025\/09\/ged-students-desk.jpg","type":"image\/jpeg"}],"twitter_card":"summary_large_image","twitter_misc":{"Tiempo de lectura":"2 minutos"},"schema":{"@context":"https:\/\/schema.org","@graph":[{"@type":"WebPage","@id":"https:\/\/gedpreparationcenter.com\/shop\/ged-clase-presencial-espanol\/","url":"https:\/\/gedpreparationcenter.com\/shop\/ged-clase-presencial-espanol\/","name":"GED Clase presencial (Espa\u00f1ol) - GED Preparation Center","isPartOf":{"@id":"https:\/\/gedpreparationcenter.com\/#website"},"primaryImageOfPage":{"@id":"https:\/\/gedpreparationcenter.com\/shop\/ged-clase-presencial-espanol\/#primaryimage"},"image":{"@id":"https:\/\/gedpreparationcenter.com\/shop\/ged-clase-presencial-espanol\/#primaryimage"},"thumbnailUrl":"https:\/\/gedpreparationcenter.com\/wp-content\/uploads\/2025\/09\/ged-students-desk.jpg","datePublished":"2025-09-06T00:33:09+00:00","dateModified":"2026-01-04T21:33:54+00:00","description":"Esta es la p\u00e1gina en la que se matricula en sus clases en l\u00ednea. Te inscribes en 5 asignaturas: Matem\u00e1ticas, Ciencias, Lectura, Escritura y Estudios Sociales.","breadcrumb":{"@id":"https:\/\/gedpreparationcenter.com\/shop\/ged-clase-presencial-espanol\/#breadcrumb"},"inLanguage":"es","potentialAction":[{"@type":"ReadAction","target":["https:\/\/gedpreparationcenter.com\/shop\/ged-clase-presencial-espanol\/"]}]},{"@type":"ImageObject","inLanguage":"es","@id":"https:\/\/gedpreparationcenter.com\/shop\/ged-clase-presencial-espanol\/#primaryimage","url":"https:\/\/gedpreparationcenter.com\/wp-content\/uploads\/2025\/09\/ged-students-desk.jpg","contentUrl":"https:\/\/gedpreparationcenter.com\/wp-content\/uploads\/2025\/09\/ged-students-desk.jpg","width":896,"height":597},{"@type":"BreadcrumbList","@id":"https:\/\/gedpreparationcenter.com\/shop\/ged-clase-presencial-espanol\/#breadcrumb","itemListElement":[{"@type":"ListItem","position":1,"name":"Home","item":"https:\/\/gedpreparationcenter.com\/"},{"@type":"ListItem","position":2,"name":"Shop","item":"https:\/\/gedpreparationcenter.com\/shop\/"},{"@type":"ListItem","position":3,"name":"GED Clase presencial (Espa\u00f1ol)"}]},{"@type":"WebSite","@id":"https:\/\/gedpreparationcenter.com\/#website","url":"https:\/\/gedpreparationcenter.com\/","name":"Centro de Preparaci\u00f3n para el GED","description":"","publisher":{"@id":"https:\/\/gedpreparationcenter.com\/#organization"},"potentialAction":[{"@type":"SearchAction","target":{"@type":"EntryPoint","urlTemplate":"https:\/\/gedpreparationcenter.com\/?s={search_term_string}"},"query-input":{"@type":"PropertyValueSpecification","valueRequired":true,"valueName":"search_term_string"}}],"inLanguage":"es"},{"@type":"Organization","@id":"https:\/\/gedpreparationcenter.com\/#organization","name":"Centro de Preparaci\u00f3n para el GED","url":"https:\/\/gedpreparationcenter.com\/","logo":{"@type":"ImageObject","inLanguage":"es","@id":"https:\/\/gedpreparationcenter.com\/#\/schema\/logo\/image\/","url":"https:\/\/gedpreparationcenter.com\/wp-content\/uploads\/2024\/08\/favicon.png","contentUrl":"https:\/\/gedpreparationcenter.com\/wp-content\/uploads\/2024\/08\/favicon.png","width":1024,"height":1024,"caption":"GED Preparation Center"},"image":{"@id":"https:\/\/gedpreparationcenter.com\/#\/schema\/logo\/image\/"},"sameAs":["https:\/\/instagram.com\/gedpreparationcenter"]}]}},"_links":{"self":[{"href":"https:\/\/gedpreparationcenter.com\/es\/wp-json\/wp\/v2\/product\/2067","targetHints":{"allow":["GET"]}}],"collection":[{"href":"https:\/\/gedpreparationcenter.com\/es\/wp-json\/wp\/v2\/product"}],"about":[{"href":"https:\/\/gedpreparationcenter.com\/es\/wp-json\/wp\/v2\/types\/product"}],"version-history":[{"count":1,"href":"https:\/\/gedpreparationcenter.com\/es\/wp-json\/wp\/v2\/product\/2067\/revisions"}],"predecessor-version":[{"id":2849,"href":"https:\/\/gedpreparationcenter.com\/es\/wp-json\/wp\/v2\/product\/2067\/revisions\/2849"}],"wp:featuredmedia":[{"embeddable":true,"href":"https:\/\/gedpreparationcenter.com\/es\/wp-json\/wp\/v2\/media\/2065"}],"wp:attachment":[{"href":"https:\/\/gedpreparationcenter.com\/es\/wp-json\/wp\/v2\/media?parent=2067"}],"wp:term":[{"taxonomy":"product_brand","embeddable":true,"href":"https:\/\/gedpreparationcenter.com\/es\/wp-json\/wp\/v2\/product_brand?post=2067"},{"taxonomy":"product_cat","embeddable":true,"href":"https:\/\/gedpreparationcenter.com\/es\/wp-json\/wp\/v2\/product_cat?post=2067"},{"taxonomy":"product_tag","embeddable":true,"href":"https:\/\/gedpreparationcenter.com\/es\/wp-json\/wp\/v2\/product_tag?post=2067"}],"curies":[{"name":"wp","href":"https:\/\/api.w.org\/{rel}","templated":true}]}}