{"id":2071,"date":"2025-09-05T20:51:39","date_gmt":"2025-09-06T00:51:39","guid":{"rendered":"https:\/\/gedpreparationcenter.com\/?post_type=product&#038;p=2071"},"modified":"2026-01-04T13:12:56","modified_gmt":"2026-01-04T18:12:56","slug":"ged-in-person-classes-english","status":"publish","type":"product","link":"https:\/\/gedpreparationcenter.com\/es\/shop\/ged-in-person-classes-english\/","title":{"rendered":"GED In-Person Classes (English)"},"content":{"rendered":"<p><strong>ABOUT THE COURSE:<\/strong><\/p>\n<p><span style=\"font-size: 14px;\">Our in-person training classes offer a direct and personalized learning experience. They are taught by highly trained instructors in a dynamic environment, where students can fully focus on their preparation without distractions. By attending in person, you&#8217;ll have the opportunity to receive immediate guidance, have questions answered immediately, and participate in hands-on activities that reinforce your learning.<\/span><\/p>\n<div class=\"field field--name-field-content field--type-text-long field--label-hidden\">\n<p>Can I interact with the instructor? Of course! In our in-person classes, direct contact with the instructor and your classmates encourages active participation. The exchange of ideas, collaborative problem-solving, and immediate feedback are encouraged, ensuring solid and effective preparation for your GED exam.<\/p>\n<p>&nbsp;<\/p>\n<p><strong>SCHEDULE:<\/strong><\/p>\n<p>10 Weeks. Mondays, Tuesdays, and Wednesdays &#8211; 6 PM to 8 PM<\/p>\n<p>&nbsp;<\/p>\n<p><strong>TESTING:<\/strong><\/p>\n<p>Price does not include testing fees. All testing is done on our campus. An appointment must be scheduled to Test. The $500 is a one-time payment for all the subjects.<\/p>\n<p>&nbsp;<\/p>\n<p><strong>CERTIFICATIONS:<\/strong><\/p>\n<p>Our Institution is Registered with the Department of Education Of New Jersey. For more information about our credentials Please call us or email us at <a href=\"mailto:info@gedpreparationcenter.com\">info@gedpreparationcenter.com<\/a><\/p>\n<p>&nbsp;<\/p>\n<p><strong>SUBJECTS:<\/strong><\/p>\n<ul>\n<li>Matem\u00e1ticas<\/li>\n<li>Ciencia<\/li>\n<li>Lectura<\/li>\n<li>Escribir<\/li>\n<li>Estudios Sociales<\/li>\n<\/ul>\n<\/div>","protected":false},"excerpt":{"rendered":"<p>ABOUT THE COURSE: Our in-person training classes offer a direct and personalized learning experience. They are taught by highly trained instructors in a dynamic environment, where<span class=\"excerpt-hellip\"> [\u2026]<\/span><\/p>\n","protected":false},"featured_media":2066,"template":"","meta":[],"product_brand":[],"product_cat":[206],"product_tag":[],"class_list":{"0":"post-2071","1":"product","2":"type-product","3":"status-publish","4":"has-post-thumbnail","6":"product_cat-ged-english","8":"first","9":"instock","10":"virtual","11":"sold-individually","12":"purchasable","13":"product-type-simple"},"yoast_head":"<!-- This site is optimized with the Yoast SEO plugin v27.2 - https:\/\/yoast.com\/product\/yoast-seo-wordpress\/ -->\n<title>GED In-Person Classes (English) - GED Preparation Center<\/title>\n<meta name=\"description\" content=\"This is the page where you register for your online classes. You are registering for 5 subjects: Math, Science,Reading,Writing and Social Studies.\" \/>\n<meta name=\"robots\" content=\"index, follow, max-snippet:-1, max-image-preview:large, max-video-preview:-1\" \/>\n<link rel=\"canonical\" href=\"https:\/\/gedpreparationcenter.com\/es\/shop\/ged-in-person-classes-english\/\" \/>\n<meta property=\"og:locale\" content=\"es_ES\" \/>\n<meta property=\"og:type\" content=\"article\" \/>\n<meta property=\"og:title\" content=\"GED In-Person Classes (English) - GED Preparation Center\" \/>\n<meta property=\"og:description\" content=\"This is the page where you register for your online classes. You are registering for 5 subjects: Math, Science,Reading,Writing and Social Studies.\" \/>\n<meta property=\"og:url\" content=\"https:\/\/gedpreparationcenter.com\/es\/shop\/ged-in-person-classes-english\/\" \/>\n<meta property=\"og:site_name\" content=\"GED Preparation Center\" \/>\n<meta property=\"article:modified_time\" content=\"2026-01-04T18:12:56+00:00\" \/>\n<meta property=\"og:image\" content=\"https:\/\/gedpreparationcenter.com\/wp-content\/uploads\/2025\/09\/ged-student-teacher-math.jpg\" \/>\n\t<meta property=\"og:image:width\" content=\"896\" \/>\n\t<meta property=\"og:image:height\" content=\"597\" \/>\n\t<meta property=\"og:image:type\" content=\"image\/jpeg\" \/>\n<meta name=\"twitter:card\" content=\"summary_large_image\" \/>\n<meta name=\"twitter:label1\" content=\"Tiempo de lectura\" \/>\n\t<meta name=\"twitter:data1\" content=\"1 minuto\" \/>\n<script type=\"application\/ld+json\" class=\"yoast-schema-graph\">{\"@context\":\"https:\/\/schema.org\",\"@graph\":[{\"@type\":\"WebPage\",\"@id\":\"https:\/\/gedpreparationcenter.com\/shop\/ged-in-person-classes-english\/\",\"url\":\"https:\/\/gedpreparationcenter.com\/shop\/ged-in-person-classes-english\/\",\"name\":\"GED In-Person Classes (English) - GED Preparation Center\",\"isPartOf\":{\"@id\":\"https:\/\/gedpreparationcenter.com\/#website\"},\"primaryImageOfPage\":{\"@id\":\"https:\/\/gedpreparationcenter.com\/shop\/ged-in-person-classes-english\/#primaryimage\"},\"image\":{\"@id\":\"https:\/\/gedpreparationcenter.com\/shop\/ged-in-person-classes-english\/#primaryimage\"},\"thumbnailUrl\":\"https:\/\/gedpreparationcenter.com\/wp-content\/uploads\/2025\/09\/ged-student-teacher-math.jpg\",\"datePublished\":\"2025-09-06T00:51:39+00:00\",\"dateModified\":\"2026-01-04T18:12:56+00:00\",\"description\":\"This is the page where you register for your online classes. You are registering for 5 subjects: Math, Science,Reading,Writing and Social Studies.\",\"breadcrumb\":{\"@id\":\"https:\/\/gedpreparationcenter.com\/shop\/ged-in-person-classes-english\/#breadcrumb\"},\"inLanguage\":\"es\",\"potentialAction\":[{\"@type\":\"ReadAction\",\"target\":[\"https:\/\/gedpreparationcenter.com\/shop\/ged-in-person-classes-english\/\"]}]},{\"@type\":\"ImageObject\",\"inLanguage\":\"es\",\"@id\":\"https:\/\/gedpreparationcenter.com\/shop\/ged-in-person-classes-english\/#primaryimage\",\"url\":\"https:\/\/gedpreparationcenter.com\/wp-content\/uploads\/2025\/09\/ged-student-teacher-math.jpg\",\"contentUrl\":\"https:\/\/gedpreparationcenter.com\/wp-content\/uploads\/2025\/09\/ged-student-teacher-math.jpg\",\"width\":896,\"height\":597},{\"@type\":\"BreadcrumbList\",\"@id\":\"https:\/\/gedpreparationcenter.com\/shop\/ged-in-person-classes-english\/#breadcrumb\",\"itemListElement\":[{\"@type\":\"ListItem\",\"position\":1,\"name\":\"Home\",\"item\":\"https:\/\/gedpreparationcenter.com\/\"},{\"@type\":\"ListItem\",\"position\":2,\"name\":\"Shop\",\"item\":\"https:\/\/gedpreparationcenter.com\/shop\/\"},{\"@type\":\"ListItem\",\"position\":3,\"name\":\"GED In-Person Classes (English)\"}]},{\"@type\":\"WebSite\",\"@id\":\"https:\/\/gedpreparationcenter.com\/#website\",\"url\":\"https:\/\/gedpreparationcenter.com\/\",\"name\":\"GED Preparation Center\",\"description\":\"\",\"publisher\":{\"@id\":\"https:\/\/gedpreparationcenter.com\/#organization\"},\"potentialAction\":[{\"@type\":\"SearchAction\",\"target\":{\"@type\":\"EntryPoint\",\"urlTemplate\":\"https:\/\/gedpreparationcenter.com\/?s={search_term_string}\"},\"query-input\":{\"@type\":\"PropertyValueSpecification\",\"valueRequired\":true,\"valueName\":\"search_term_string\"}}],\"inLanguage\":\"es\"},{\"@type\":\"Organization\",\"@id\":\"https:\/\/gedpreparationcenter.com\/#organization\",\"name\":\"GED Preparation Center\",\"url\":\"https:\/\/gedpreparationcenter.com\/\",\"logo\":{\"@type\":\"ImageObject\",\"inLanguage\":\"es\",\"@id\":\"https:\/\/gedpreparationcenter.com\/#\/schema\/logo\/image\/\",\"url\":\"https:\/\/gedpreparationcenter.com\/wp-content\/uploads\/2024\/08\/favicon.png\",\"contentUrl\":\"https:\/\/gedpreparationcenter.com\/wp-content\/uploads\/2024\/08\/favicon.png\",\"width\":1024,\"height\":1024,\"caption\":\"GED Preparation Center\"},\"image\":{\"@id\":\"https:\/\/gedpreparationcenter.com\/#\/schema\/logo\/image\/\"},\"sameAs\":[\"https:\/\/instagram.com\/gedpreparationcenter\"]}]}<\/script>\n<!-- \/ Yoast SEO plugin. -->","yoast_head_json":{"title":"GED In-Person Classes (English) - GED Preparation Center","description":"Esta es la p\u00e1gina en la que se matricula en sus clases en l\u00ednea. Te inscribes en 5 asignaturas: Matem\u00e1ticas, Ciencias, Lectura, Escritura y Estudios Sociales.","robots":{"index":"index","follow":"follow","max-snippet":"max-snippet:-1","max-image-preview":"max-image-preview:large","max-video-preview":"max-video-preview:-1"},"canonical":"https:\/\/gedpreparationcenter.com\/es\/shop\/ged-in-person-classes-english\/","og_locale":"es_ES","og_type":"article","og_title":"GED In-Person Classes (English) - GED Preparation Center","og_description":"This is the page where you register for your online classes. You are registering for 5 subjects: Math, Science,Reading,Writing and Social Studies.","og_url":"https:\/\/gedpreparationcenter.com\/es\/shop\/ged-in-person-classes-english\/","og_site_name":"GED Preparation Center","article_modified_time":"2026-01-04T18:12:56+00:00","og_image":[{"width":896,"height":597,"url":"https:\/\/gedpreparationcenter.com\/wp-content\/uploads\/2025\/09\/ged-student-teacher-math.jpg","type":"image\/jpeg"}],"twitter_card":"summary_large_image","twitter_misc":{"Tiempo de lectura":"1 minuto"},"schema":{"@context":"https:\/\/schema.org","@graph":[{"@type":"WebPage","@id":"https:\/\/gedpreparationcenter.com\/shop\/ged-in-person-classes-english\/","url":"https:\/\/gedpreparationcenter.com\/shop\/ged-in-person-classes-english\/","name":"GED In-Person Classes (English) - GED Preparation Center","isPartOf":{"@id":"https:\/\/gedpreparationcenter.com\/#website"},"primaryImageOfPage":{"@id":"https:\/\/gedpreparationcenter.com\/shop\/ged-in-person-classes-english\/#primaryimage"},"image":{"@id":"https:\/\/gedpreparationcenter.com\/shop\/ged-in-person-classes-english\/#primaryimage"},"thumbnailUrl":"https:\/\/gedpreparationcenter.com\/wp-content\/uploads\/2025\/09\/ged-student-teacher-math.jpg","datePublished":"2025-09-06T00:51:39+00:00","dateModified":"2026-01-04T18:12:56+00:00","description":"Esta es la p\u00e1gina en la que se matricula en sus clases en l\u00ednea. Te inscribes en 5 asignaturas: Matem\u00e1ticas, Ciencias, Lectura, Escritura y Estudios Sociales.","breadcrumb":{"@id":"https:\/\/gedpreparationcenter.com\/shop\/ged-in-person-classes-english\/#breadcrumb"},"inLanguage":"es","potentialAction":[{"@type":"ReadAction","target":["https:\/\/gedpreparationcenter.com\/shop\/ged-in-person-classes-english\/"]}]},{"@type":"ImageObject","inLanguage":"es","@id":"https:\/\/gedpreparationcenter.com\/shop\/ged-in-person-classes-english\/#primaryimage","url":"https:\/\/gedpreparationcenter.com\/wp-content\/uploads\/2025\/09\/ged-student-teacher-math.jpg","contentUrl":"https:\/\/gedpreparationcenter.com\/wp-content\/uploads\/2025\/09\/ged-student-teacher-math.jpg","width":896,"height":597},{"@type":"BreadcrumbList","@id":"https:\/\/gedpreparationcenter.com\/shop\/ged-in-person-classes-english\/#breadcrumb","itemListElement":[{"@type":"ListItem","position":1,"name":"Home","item":"https:\/\/gedpreparationcenter.com\/"},{"@type":"ListItem","position":2,"name":"Shop","item":"https:\/\/gedpreparationcenter.com\/shop\/"},{"@type":"ListItem","position":3,"name":"GED In-Person Classes (English)"}]},{"@type":"WebSite","@id":"https:\/\/gedpreparationcenter.com\/#website","url":"https:\/\/gedpreparationcenter.com\/","name":"Centro de Preparaci\u00f3n para el GED","description":"","publisher":{"@id":"https:\/\/gedpreparationcenter.com\/#organization"},"potentialAction":[{"@type":"SearchAction","target":{"@type":"EntryPoint","urlTemplate":"https:\/\/gedpreparationcenter.com\/?s={search_term_string}"},"query-input":{"@type":"PropertyValueSpecification","valueRequired":true,"valueName":"search_term_string"}}],"inLanguage":"es"},{"@type":"Organization","@id":"https:\/\/gedpreparationcenter.com\/#organization","name":"Centro de Preparaci\u00f3n para el GED","url":"https:\/\/gedpreparationcenter.com\/","logo":{"@type":"ImageObject","inLanguage":"es","@id":"https:\/\/gedpreparationcenter.com\/#\/schema\/logo\/image\/","url":"https:\/\/gedpreparationcenter.com\/wp-content\/uploads\/2024\/08\/favicon.png","contentUrl":"https:\/\/gedpreparationcenter.com\/wp-content\/uploads\/2024\/08\/favicon.png","width":1024,"height":1024,"caption":"GED Preparation Center"},"image":{"@id":"https:\/\/gedpreparationcenter.com\/#\/schema\/logo\/image\/"},"sameAs":["https:\/\/instagram.com\/gedpreparationcenter"]}]}},"_links":{"self":[{"href":"https:\/\/gedpreparationcenter.com\/es\/wp-json\/wp\/v2\/product\/2071","targetHints":{"allow":["GET"]}}],"collection":[{"href":"https:\/\/gedpreparationcenter.com\/es\/wp-json\/wp\/v2\/product"}],"about":[{"href":"https:\/\/gedpreparationcenter.com\/es\/wp-json\/wp\/v2\/types\/product"}],"version-history":[{"count":1,"href":"https:\/\/gedpreparationcenter.com\/es\/wp-json\/wp\/v2\/product\/2071\/revisions"}],"predecessor-version":[{"id":2848,"href":"https:\/\/gedpreparationcenter.com\/es\/wp-json\/wp\/v2\/product\/2071\/revisions\/2848"}],"wp:featuredmedia":[{"embeddable":true,"href":"https:\/\/gedpreparationcenter.com\/es\/wp-json\/wp\/v2\/media\/2066"}],"wp:attachment":[{"href":"https:\/\/gedpreparationcenter.com\/es\/wp-json\/wp\/v2\/media?parent=2071"}],"wp:term":[{"taxonomy":"product_brand","embeddable":true,"href":"https:\/\/gedpreparationcenter.com\/es\/wp-json\/wp\/v2\/product_brand?post=2071"},{"taxonomy":"product_cat","embeddable":true,"href":"https:\/\/gedpreparationcenter.com\/es\/wp-json\/wp\/v2\/product_cat?post=2071"},{"taxonomy":"product_tag","embeddable":true,"href":"https:\/\/gedpreparationcenter.com\/es\/wp-json\/wp\/v2\/product_tag?post=2071"}],"curies":[{"name":"wp","href":"https:\/\/api.w.org\/{rel}","templated":true}]}}