{"id":400,"date":"2024-08-02T21:29:37","date_gmt":"2024-08-03T01:29:37","guid":{"rendered":"https:\/\/gedpreparationcenter.com\/?post_type=product&#038;p=400"},"modified":"2026-03-27T01:30:42","modified_gmt":"2026-03-27T05:30:42","slug":"ged-clase-en-linea-espanol","status":"publish","type":"product","link":"https:\/\/gedpreparationcenter.com\/es\/shop\/ged-clase-en-linea-espanol\/","title":{"rendered":"GED Clase en l\u00ednea (Espa\u00f1ol)"},"content":{"rendered":"<p id=\"tw-target-text\" class=\"tw-data-text tw-text-large XcVN5d tw-ta\" dir=\"ltr\" data-placeholder=\"Translation\"><strong><span lang=\"es\">ACERCA DEL CURSO:<\/span><\/strong><\/p>\n<p class=\"tw-data-text tw-text-large XcVN5d tw-ta\" dir=\"ltr\" data-placeholder=\"Translation\"><span lang=\"es\">Nuestras clases de capacitaci\u00f3n virtual en vivo contienen el mismo contenido excelente que nuestras clases en persona y son impartidas por nuestros mejores instructores en un entorno interactivo. Los estudiantes pueden interactuar directamente con el instructor, hacer preguntas y realizar pr\u00e1cticas para solidificar y validar su aprendizaje. Nuestras clases virtuales facilitan la adaptaci\u00f3n de la capacitaci\u00f3n a su horario en el momento adecuado para usted<\/span><\/p>\n<p class=\"tw-data-text tw-text-large XcVN5d tw-ta\" dir=\"ltr\" data-placeholder=\"Translation\"><span lang=\"es\">\u00bfPuedo interactuar con el instructor? \u00a1S\u00ed! Al igual que en las clases presenciales, se anima a los estudiantes a participar haciendo y respondiendo preguntas. Los instructores se comunicar\u00e1n con preguntas y encuestas para evaluar el conocimiento, verificar el aprendizaje y mantener a los estudiantes interesados.<\/span><\/p>\n<p dir=\"ltr\" data-placeholder=\"Translation\"><strong>EX\u00c1MENES<\/strong>:<\/p>\n<p dir=\"ltr\" data-placeholder=\"Translation\">El precio no incluye las tarifas de Examenes. Todos los examenes se realizan en nuestro campus. Se debe programar una cita para realizar la prueba. El pago de los $300 es un UNICO pago que incluye la preparaci\u00f3n de todas las materias. Tan pronto hagas tu pago le enviaremos un correo electr\u00f3nico con las instrucciones de como ingresar a tus clases.<\/p>\n<p dir=\"ltr\" data-placeholder=\"Translation\"><strong>CREDENCIALES:<\/strong><\/p>\n<p dir=\"ltr\" data-placeholder=\"Translation\">Nuestra instituci\u00f3n est\u00e1 registrada en el Departamento de Educaci\u00f3n de Nueva Jersey. Para obtener m\u00e1s informaci\u00f3n sobre nuestras credenciales, ll\u00e1menos o env\u00ede un email a <a href=\"mailto:info@gedpreparationcenter.com\">info@gedpreparationcenter.com<\/a>.<\/p>\n<p class=\"tw-data-text tw-text-large XcVN5d tw-ta\" dir=\"ltr\" data-placeholder=\"Translation\"><strong><span lang=\"es\"> MATERIAS:<\/span><\/strong><\/p>\n<ul>\n<li class=\"tw-data-text tw-text-large XcVN5d tw-ta\" dir=\"ltr\" data-placeholder=\"Translation\"><span lang=\"es\" style=\"color: #000000;\">Matem\u00e1ticas<\/span><\/li>\n<li class=\"tw-data-text tw-text-large XcVN5d tw-ta\" dir=\"ltr\" data-placeholder=\"Translation\"><span lang=\"es\" style=\"color: #000000;\">Ciencias<\/span><\/li>\n<li class=\"tw-data-text tw-text-large XcVN5d tw-ta\" dir=\"ltr\" data-placeholder=\"Translation\"><span lang=\"es\" style=\"color: #000000;\">Lectura<\/span><\/li>\n<li class=\"tw-data-text tw-text-large XcVN5d tw-ta\" dir=\"ltr\" data-placeholder=\"Translation\"><span lang=\"es\" style=\"color: #000000;\">Escritura <\/span><\/li>\n<li class=\"tw-data-text tw-text-large XcVN5d tw-ta\" dir=\"ltr\" data-placeholder=\"Translation\"><span lang=\"es\" style=\"color: #000000;\">Estudios Sociales<\/span><\/li>\n<\/ul>","protected":false},"excerpt":{"rendered":"<p>ACERCA DEL CURSO: Nuestras clases de capacitaci\u00f3n virtual en vivo contienen el mismo contenido excelente que nuestras clases en persona y son impartidas por nuestros mejores<span class=\"excerpt-hellip\"> [\u2026]<\/span><\/p>\n","protected":false},"featured_media":586,"template":"","meta":[],"product_brand":[],"product_cat":[207],"product_tag":[],"class_list":{"0":"post-400","1":"product","2":"type-product","3":"status-publish","4":"has-post-thumbnail","6":"product_cat-ged-espanol","8":"first","9":"instock","10":"downloadable","11":"virtual","12":"sold-individually","13":"purchasable","14":"product-type-simple"},"yoast_head":"<!-- This site is optimized with the Yoast SEO plugin v27.2 - https:\/\/yoast.com\/product\/yoast-seo-wordpress\/ -->\n<title>GED Clase en l\u00ednea (Espa\u00f1ol) - GED Preparation Center<\/title>\n<meta name=\"description\" content=\"This is the page where you register for your online classes. You are registering for 5 subjects: Math, Science,Reading,Writing and Social Studies.\" \/>\n<meta name=\"robots\" content=\"index, follow, max-snippet:-1, max-image-preview:large, max-video-preview:-1\" \/>\n<link rel=\"canonical\" href=\"https:\/\/gedpreparationcenter.com\/es\/shop\/ged-clase-en-linea-espanol\/\" \/>\n<meta property=\"og:locale\" content=\"es_ES\" \/>\n<meta property=\"og:type\" content=\"article\" \/>\n<meta property=\"og:title\" content=\"GED Clase en l\u00ednea (Espa\u00f1ol) - GED Preparation Center\" \/>\n<meta property=\"og:description\" content=\"This is the page where you register for your online classes. You are registering for 5 subjects: Math, Science,Reading,Writing and Social Studies.\" \/>\n<meta property=\"og:url\" content=\"https:\/\/gedpreparationcenter.com\/es\/shop\/ged-clase-en-linea-espanol\/\" \/>\n<meta property=\"og:site_name\" content=\"GED Preparation Center\" \/>\n<meta property=\"article:modified_time\" content=\"2026-03-27T05:30:42+00:00\" \/>\n<meta property=\"og:image\" content=\"https:\/\/gedpreparationcenter.com\/wp-content\/uploads\/2024\/08\/ged-student.jpg\" \/>\n\t<meta property=\"og:image:width\" content=\"896\" \/>\n\t<meta property=\"og:image:height\" content=\"597\" \/>\n\t<meta property=\"og:image:type\" content=\"image\/jpeg\" \/>\n<meta name=\"twitter:card\" content=\"summary_large_image\" \/>\n<meta name=\"twitter:label1\" content=\"Tiempo de lectura\" \/>\n\t<meta name=\"twitter:data1\" content=\"2 minutos\" \/>\n<script type=\"application\/ld+json\" class=\"yoast-schema-graph\">{\"@context\":\"https:\/\/schema.org\",\"@graph\":[{\"@type\":\"WebPage\",\"@id\":\"https:\/\/gedpreparationcenter.com\/shop\/ged-clase-en-linea-espanol\/\",\"url\":\"https:\/\/gedpreparationcenter.com\/shop\/ged-clase-en-linea-espanol\/\",\"name\":\"GED Clase en l\u00ednea (Espa\u00f1ol) - GED Preparation Center\",\"isPartOf\":{\"@id\":\"https:\/\/gedpreparationcenter.com\/#website\"},\"primaryImageOfPage\":{\"@id\":\"https:\/\/gedpreparationcenter.com\/shop\/ged-clase-en-linea-espanol\/#primaryimage\"},\"image\":{\"@id\":\"https:\/\/gedpreparationcenter.com\/shop\/ged-clase-en-linea-espanol\/#primaryimage\"},\"thumbnailUrl\":\"https:\/\/gedpreparationcenter.com\/wp-content\/uploads\/2024\/08\/ged-student.jpg\",\"datePublished\":\"2024-08-03T01:29:37+00:00\",\"dateModified\":\"2026-03-27T05:30:42+00:00\",\"description\":\"This is the page where you register for your online classes. You are registering for 5 subjects: Math, Science,Reading,Writing and Social Studies.\",\"breadcrumb\":{\"@id\":\"https:\/\/gedpreparationcenter.com\/shop\/ged-clase-en-linea-espanol\/#breadcrumb\"},\"inLanguage\":\"es\",\"potentialAction\":[{\"@type\":\"ReadAction\",\"target\":[\"https:\/\/gedpreparationcenter.com\/shop\/ged-clase-en-linea-espanol\/\"]}]},{\"@type\":\"ImageObject\",\"inLanguage\":\"es\",\"@id\":\"https:\/\/gedpreparationcenter.com\/shop\/ged-clase-en-linea-espanol\/#primaryimage\",\"url\":\"https:\/\/gedpreparationcenter.com\/wp-content\/uploads\/2024\/08\/ged-student.jpg\",\"contentUrl\":\"https:\/\/gedpreparationcenter.com\/wp-content\/uploads\/2024\/08\/ged-student.jpg\",\"width\":896,\"height\":597},{\"@type\":\"BreadcrumbList\",\"@id\":\"https:\/\/gedpreparationcenter.com\/shop\/ged-clase-en-linea-espanol\/#breadcrumb\",\"itemListElement\":[{\"@type\":\"ListItem\",\"position\":1,\"name\":\"Home\",\"item\":\"https:\/\/gedpreparationcenter.com\/\"},{\"@type\":\"ListItem\",\"position\":2,\"name\":\"Shop\",\"item\":\"https:\/\/gedpreparationcenter.com\/shop\/\"},{\"@type\":\"ListItem\",\"position\":3,\"name\":\"GED Clase en l\u00ednea (Espa\u00f1ol)\"}]},{\"@type\":\"WebSite\",\"@id\":\"https:\/\/gedpreparationcenter.com\/#website\",\"url\":\"https:\/\/gedpreparationcenter.com\/\",\"name\":\"GED Preparation Center\",\"description\":\"\",\"publisher\":{\"@id\":\"https:\/\/gedpreparationcenter.com\/#organization\"},\"potentialAction\":[{\"@type\":\"SearchAction\",\"target\":{\"@type\":\"EntryPoint\",\"urlTemplate\":\"https:\/\/gedpreparationcenter.com\/?s={search_term_string}\"},\"query-input\":{\"@type\":\"PropertyValueSpecification\",\"valueRequired\":true,\"valueName\":\"search_term_string\"}}],\"inLanguage\":\"es\"},{\"@type\":\"Organization\",\"@id\":\"https:\/\/gedpreparationcenter.com\/#organization\",\"name\":\"GED Preparation Center\",\"url\":\"https:\/\/gedpreparationcenter.com\/\",\"logo\":{\"@type\":\"ImageObject\",\"inLanguage\":\"es\",\"@id\":\"https:\/\/gedpreparationcenter.com\/#\/schema\/logo\/image\/\",\"url\":\"https:\/\/gedpreparationcenter.com\/wp-content\/uploads\/2024\/08\/favicon.png\",\"contentUrl\":\"https:\/\/gedpreparationcenter.com\/wp-content\/uploads\/2024\/08\/favicon.png\",\"width\":1024,\"height\":1024,\"caption\":\"GED Preparation Center\"},\"image\":{\"@id\":\"https:\/\/gedpreparationcenter.com\/#\/schema\/logo\/image\/\"},\"sameAs\":[\"https:\/\/instagram.com\/gedpreparationcenter\"]}]}<\/script>\n<!-- \/ Yoast SEO plugin. -->","yoast_head_json":{"title":"GED Clase en l\u00ednea (Espa\u00f1ol) - Centro de Preparaci\u00f3n para el GED","description":"Esta es la p\u00e1gina en la que se matricula en sus clases en l\u00ednea. Te inscribes en 5 asignaturas: Matem\u00e1ticas, Ciencias, Lectura, Escritura y Estudios Sociales.","robots":{"index":"index","follow":"follow","max-snippet":"max-snippet:-1","max-image-preview":"max-image-preview:large","max-video-preview":"max-video-preview:-1"},"canonical":"https:\/\/gedpreparationcenter.com\/es\/shop\/ged-clase-en-linea-espanol\/","og_locale":"es_ES","og_type":"article","og_title":"GED Clase en l\u00ednea (Espa\u00f1ol) - GED Preparation Center","og_description":"This is the page where you register for your online classes. You are registering for 5 subjects: Math, Science,Reading,Writing and Social Studies.","og_url":"https:\/\/gedpreparationcenter.com\/es\/shop\/ged-clase-en-linea-espanol\/","og_site_name":"GED Preparation Center","article_modified_time":"2026-03-27T05:30:42+00:00","og_image":[{"width":896,"height":597,"url":"https:\/\/gedpreparationcenter.com\/wp-content\/uploads\/2024\/08\/ged-student.jpg","type":"image\/jpeg"}],"twitter_card":"summary_large_image","twitter_misc":{"Tiempo de lectura":"2 minutos"},"schema":{"@context":"https:\/\/schema.org","@graph":[{"@type":"WebPage","@id":"https:\/\/gedpreparationcenter.com\/shop\/ged-clase-en-linea-espanol\/","url":"https:\/\/gedpreparationcenter.com\/shop\/ged-clase-en-linea-espanol\/","name":"GED Clase en l\u00ednea (Espa\u00f1ol) - Centro de Preparaci\u00f3n para el GED","isPartOf":{"@id":"https:\/\/gedpreparationcenter.com\/#website"},"primaryImageOfPage":{"@id":"https:\/\/gedpreparationcenter.com\/shop\/ged-clase-en-linea-espanol\/#primaryimage"},"image":{"@id":"https:\/\/gedpreparationcenter.com\/shop\/ged-clase-en-linea-espanol\/#primaryimage"},"thumbnailUrl":"https:\/\/gedpreparationcenter.com\/wp-content\/uploads\/2024\/08\/ged-student.jpg","datePublished":"2024-08-03T01:29:37+00:00","dateModified":"2026-03-27T05:30:42+00:00","description":"Esta es la p\u00e1gina en la que se matricula en sus clases en l\u00ednea. Te inscribes en 5 asignaturas: Matem\u00e1ticas, Ciencias, Lectura, Escritura y Estudios Sociales.","breadcrumb":{"@id":"https:\/\/gedpreparationcenter.com\/shop\/ged-clase-en-linea-espanol\/#breadcrumb"},"inLanguage":"es","potentialAction":[{"@type":"ReadAction","target":["https:\/\/gedpreparationcenter.com\/shop\/ged-clase-en-linea-espanol\/"]}]},{"@type":"ImageObject","inLanguage":"es","@id":"https:\/\/gedpreparationcenter.com\/shop\/ged-clase-en-linea-espanol\/#primaryimage","url":"https:\/\/gedpreparationcenter.com\/wp-content\/uploads\/2024\/08\/ged-student.jpg","contentUrl":"https:\/\/gedpreparationcenter.com\/wp-content\/uploads\/2024\/08\/ged-student.jpg","width":896,"height":597},{"@type":"BreadcrumbList","@id":"https:\/\/gedpreparationcenter.com\/shop\/ged-clase-en-linea-espanol\/#breadcrumb","itemListElement":[{"@type":"ListItem","position":1,"name":"Home","item":"https:\/\/gedpreparationcenter.com\/"},{"@type":"ListItem","position":2,"name":"Shop","item":"https:\/\/gedpreparationcenter.com\/shop\/"},{"@type":"ListItem","position":3,"name":"GED Clase en l\u00ednea (Espa\u00f1ol)"}]},{"@type":"WebSite","@id":"https:\/\/gedpreparationcenter.com\/#website","url":"https:\/\/gedpreparationcenter.com\/","name":"Centro de Preparaci\u00f3n para el GED","description":"","publisher":{"@id":"https:\/\/gedpreparationcenter.com\/#organization"},"potentialAction":[{"@type":"SearchAction","target":{"@type":"EntryPoint","urlTemplate":"https:\/\/gedpreparationcenter.com\/?s={search_term_string}"},"query-input":{"@type":"PropertyValueSpecification","valueRequired":true,"valueName":"search_term_string"}}],"inLanguage":"es"},{"@type":"Organization","@id":"https:\/\/gedpreparationcenter.com\/#organization","name":"Centro de Preparaci\u00f3n para el GED","url":"https:\/\/gedpreparationcenter.com\/","logo":{"@type":"ImageObject","inLanguage":"es","@id":"https:\/\/gedpreparationcenter.com\/#\/schema\/logo\/image\/","url":"https:\/\/gedpreparationcenter.com\/wp-content\/uploads\/2024\/08\/favicon.png","contentUrl":"https:\/\/gedpreparationcenter.com\/wp-content\/uploads\/2024\/08\/favicon.png","width":1024,"height":1024,"caption":"GED Preparation Center"},"image":{"@id":"https:\/\/gedpreparationcenter.com\/#\/schema\/logo\/image\/"},"sameAs":["https:\/\/instagram.com\/gedpreparationcenter"]}]}},"_links":{"self":[{"href":"https:\/\/gedpreparationcenter.com\/es\/wp-json\/wp\/v2\/product\/400","targetHints":{"allow":["GET"]}}],"collection":[{"href":"https:\/\/gedpreparationcenter.com\/es\/wp-json\/wp\/v2\/product"}],"about":[{"href":"https:\/\/gedpreparationcenter.com\/es\/wp-json\/wp\/v2\/types\/product"}],"version-history":[{"count":2,"href":"https:\/\/gedpreparationcenter.com\/es\/wp-json\/wp\/v2\/product\/400\/revisions"}],"predecessor-version":[{"id":2749,"href":"https:\/\/gedpreparationcenter.com\/es\/wp-json\/wp\/v2\/product\/400\/revisions\/2749"}],"wp:featuredmedia":[{"embeddable":true,"href":"https:\/\/gedpreparationcenter.com\/es\/wp-json\/wp\/v2\/media\/586"}],"wp:attachment":[{"href":"https:\/\/gedpreparationcenter.com\/es\/wp-json\/wp\/v2\/media?parent=400"}],"wp:term":[{"taxonomy":"product_brand","embeddable":true,"href":"https:\/\/gedpreparationcenter.com\/es\/wp-json\/wp\/v2\/product_brand?post=400"},{"taxonomy":"product_cat","embeddable":true,"href":"https:\/\/gedpreparationcenter.com\/es\/wp-json\/wp\/v2\/product_cat?post=400"},{"taxonomy":"product_tag","embeddable":true,"href":"https:\/\/gedpreparationcenter.com\/es\/wp-json\/wp\/v2\/product_tag?post=400"}],"curies":[{"name":"wp","href":"https:\/\/api.w.org\/{rel}","templated":true}]}}