{"id":581,"date":"2024-08-07T00:00:56","date_gmt":"2024-08-07T04:00:56","guid":{"rendered":"https:\/\/gedpreparationcenter.com\/?post_type=product&#038;p=581"},"modified":"2026-03-27T01:37:59","modified_gmt":"2026-03-27T05:37:59","slug":"ged-english","status":"publish","type":"product","link":"https:\/\/gedpreparationcenter.com\/es\/shop\/ged-english\/","title":{"rendered":"Clases en l\u00ednea de GED (ingl\u00e9s)"},"content":{"rendered":"<p><strong>ABOUT THE COURSE:<\/strong><\/p>\n<p>Our Live Virtual Training classes contain the same great content as our In-Person classes and are delivered by our top instructors in an interactive environment. Students are able to directly interact with the instructor, ask questions, and do hands-on practices in order to solidify and validate their learning. Our virtual classes make it easy to fit training into your schedule at a time that\u2019s right for you<\/p>\n<div class=\"field field--name-field-content field--type-text-long field--label-hidden\">\n<p><strong>Can I interact with the instructor?\u00a0<\/strong>Yes! Just like in-person classes, students are encouraged to participate by asking and answering questions. Instructors will reach out with questions and polls to test knowledge, check for learning, and keep students engaged.<\/p>\n<p><strong>TESTING:<\/strong><\/p>\n<p>Price does not include testing fees. All testing is done on our campus. An appointment must be scheduled to Test. The $300 is a one-time payment for all the subjects. Once we received your registration payment we will email you a class login.<\/p>\n<p><strong>CERTIFICATIONS:<\/strong><\/p>\n<p>Our Institution is Registered with the Department of Education Of New Jersey. For more information about our credentials Please call us or email us at <a href=\"mailto:info@gedpreparationcenter.com\">info@gedpreparationcenter.com<\/a><\/p>\n<p><strong>SUBJECTS:<\/strong><\/p>\n<ul>\n<li>Matem\u00e1ticas<\/li>\n<li>Ciencia<\/li>\n<li>Lectura<\/li>\n<li>Escribir<\/li>\n<li>Estudios Sociales<\/li>\n<\/ul>\n<\/div>","protected":false},"excerpt":{"rendered":"<p>ABOUT THE COURSE: Our Live Virtual Training classes contain the same great content as our In-Person classes and are delivered by our top instructors in an<span class=\"excerpt-hellip\"> [\u2026]<\/span><\/p>\n","protected":false},"featured_media":584,"template":"","meta":[],"product_brand":[],"product_cat":[206],"product_tag":[],"class_list":{"0":"post-581","1":"product","2":"type-product","3":"status-publish","4":"has-post-thumbnail","6":"product_cat-ged-english","8":"first","9":"instock","10":"downloadable","11":"virtual","12":"sold-individually","13":"purchasable","14":"product-type-simple"},"yoast_head":"<!-- This site is optimized with the Yoast SEO plugin v27.2 - https:\/\/yoast.com\/product\/yoast-seo-wordpress\/ -->\n<title>GED Online Classes (English) - GED Preparation Center<\/title>\n<meta name=\"description\" content=\"This is the page where you register for your online classes. You are registering for 5 subjects: Math, Science,Reading,Writing and Social Studies.\" \/>\n<meta name=\"robots\" content=\"index, follow, max-snippet:-1, max-image-preview:large, max-video-preview:-1\" \/>\n<link rel=\"canonical\" href=\"https:\/\/gedpreparationcenter.com\/es\/shop\/ged-english\/\" \/>\n<meta property=\"og:locale\" content=\"es_ES\" \/>\n<meta property=\"og:type\" content=\"article\" \/>\n<meta property=\"og:title\" content=\"GED Online Classes (English) - GED Preparation Center\" \/>\n<meta property=\"og:description\" content=\"This is the page where you register for your online classes. You are registering for 5 subjects: Math, Science,Reading,Writing and Social Studies.\" \/>\n<meta property=\"og:url\" content=\"https:\/\/gedpreparationcenter.com\/es\/shop\/ged-english\/\" \/>\n<meta property=\"og:site_name\" content=\"GED Preparation Center\" \/>\n<meta property=\"article:modified_time\" content=\"2026-03-27T05:37:59+00:00\" \/>\n<meta property=\"og:image\" content=\"https:\/\/gedpreparationcenter.com\/wp-content\/uploads\/2024\/08\/ged-students.jpg\" \/>\n\t<meta property=\"og:image:width\" content=\"896\" \/>\n\t<meta property=\"og:image:height\" content=\"597\" \/>\n\t<meta property=\"og:image:type\" content=\"image\/jpeg\" \/>\n<meta name=\"twitter:card\" content=\"summary_large_image\" \/>\n<meta name=\"twitter:label1\" content=\"Tiempo de lectura\" \/>\n\t<meta name=\"twitter:data1\" content=\"2 minutos\" \/>\n<script type=\"application\/ld+json\" class=\"yoast-schema-graph\">{\"@context\":\"https:\/\/schema.org\",\"@graph\":[{\"@type\":\"WebPage\",\"@id\":\"https:\/\/gedpreparationcenter.com\/shop\/ged-english\/\",\"url\":\"https:\/\/gedpreparationcenter.com\/shop\/ged-english\/\",\"name\":\"GED Online Classes (English) - GED Preparation Center\",\"isPartOf\":{\"@id\":\"https:\/\/gedpreparationcenter.com\/#website\"},\"primaryImageOfPage\":{\"@id\":\"https:\/\/gedpreparationcenter.com\/shop\/ged-english\/#primaryimage\"},\"image\":{\"@id\":\"https:\/\/gedpreparationcenter.com\/shop\/ged-english\/#primaryimage\"},\"thumbnailUrl\":\"https:\/\/gedpreparationcenter.com\/wp-content\/uploads\/2024\/08\/ged-students.jpg\",\"datePublished\":\"2024-08-07T04:00:56+00:00\",\"dateModified\":\"2026-03-27T05:37:59+00:00\",\"description\":\"This is the page where you register for your online classes. You are registering for 5 subjects: Math, Science,Reading,Writing and Social Studies.\",\"breadcrumb\":{\"@id\":\"https:\/\/gedpreparationcenter.com\/shop\/ged-english\/#breadcrumb\"},\"inLanguage\":\"es\",\"potentialAction\":[{\"@type\":\"ReadAction\",\"target\":[\"https:\/\/gedpreparationcenter.com\/shop\/ged-english\/\"]}]},{\"@type\":\"ImageObject\",\"inLanguage\":\"es\",\"@id\":\"https:\/\/gedpreparationcenter.com\/shop\/ged-english\/#primaryimage\",\"url\":\"https:\/\/gedpreparationcenter.com\/wp-content\/uploads\/2024\/08\/ged-students.jpg\",\"contentUrl\":\"https:\/\/gedpreparationcenter.com\/wp-content\/uploads\/2024\/08\/ged-students.jpg\",\"width\":896,\"height\":597},{\"@type\":\"BreadcrumbList\",\"@id\":\"https:\/\/gedpreparationcenter.com\/shop\/ged-english\/#breadcrumb\",\"itemListElement\":[{\"@type\":\"ListItem\",\"position\":1,\"name\":\"Home\",\"item\":\"https:\/\/gedpreparationcenter.com\/\"},{\"@type\":\"ListItem\",\"position\":2,\"name\":\"Shop\",\"item\":\"https:\/\/gedpreparationcenter.com\/shop\/\"},{\"@type\":\"ListItem\",\"position\":3,\"name\":\"GED Online Classes (English)\"}]},{\"@type\":\"WebSite\",\"@id\":\"https:\/\/gedpreparationcenter.com\/#website\",\"url\":\"https:\/\/gedpreparationcenter.com\/\",\"name\":\"GED Preparation Center\",\"description\":\"\",\"publisher\":{\"@id\":\"https:\/\/gedpreparationcenter.com\/#organization\"},\"potentialAction\":[{\"@type\":\"SearchAction\",\"target\":{\"@type\":\"EntryPoint\",\"urlTemplate\":\"https:\/\/gedpreparationcenter.com\/?s={search_term_string}\"},\"query-input\":{\"@type\":\"PropertyValueSpecification\",\"valueRequired\":true,\"valueName\":\"search_term_string\"}}],\"inLanguage\":\"es\"},{\"@type\":\"Organization\",\"@id\":\"https:\/\/gedpreparationcenter.com\/#organization\",\"name\":\"GED Preparation Center\",\"url\":\"https:\/\/gedpreparationcenter.com\/\",\"logo\":{\"@type\":\"ImageObject\",\"inLanguage\":\"es\",\"@id\":\"https:\/\/gedpreparationcenter.com\/#\/schema\/logo\/image\/\",\"url\":\"https:\/\/gedpreparationcenter.com\/wp-content\/uploads\/2024\/08\/favicon.png\",\"contentUrl\":\"https:\/\/gedpreparationcenter.com\/wp-content\/uploads\/2024\/08\/favicon.png\",\"width\":1024,\"height\":1024,\"caption\":\"GED Preparation Center\"},\"image\":{\"@id\":\"https:\/\/gedpreparationcenter.com\/#\/schema\/logo\/image\/\"},\"sameAs\":[\"https:\/\/instagram.com\/gedpreparationcenter\"]}]}<\/script>\n<!-- \/ Yoast SEO plugin. -->","yoast_head_json":{"title":"GED Online Classes (English) - GED Preparation Center","description":"Esta es la p\u00e1gina en la que se matricula en sus clases en l\u00ednea. Te inscribes en 5 asignaturas: Matem\u00e1ticas, Ciencias, Lectura, Escritura y Estudios Sociales.","robots":{"index":"index","follow":"follow","max-snippet":"max-snippet:-1","max-image-preview":"max-image-preview:large","max-video-preview":"max-video-preview:-1"},"canonical":"https:\/\/gedpreparationcenter.com\/es\/shop\/ged-english\/","og_locale":"es_ES","og_type":"article","og_title":"GED Online Classes (English) - GED Preparation Center","og_description":"This is the page where you register for your online classes. You are registering for 5 subjects: Math, Science,Reading,Writing and Social Studies.","og_url":"https:\/\/gedpreparationcenter.com\/es\/shop\/ged-english\/","og_site_name":"GED Preparation Center","article_modified_time":"2026-03-27T05:37:59+00:00","og_image":[{"width":896,"height":597,"url":"https:\/\/gedpreparationcenter.com\/wp-content\/uploads\/2024\/08\/ged-students.jpg","type":"image\/jpeg"}],"twitter_card":"summary_large_image","twitter_misc":{"Tiempo de lectura":"2 minutos"},"schema":{"@context":"https:\/\/schema.org","@graph":[{"@type":"WebPage","@id":"https:\/\/gedpreparationcenter.com\/shop\/ged-english\/","url":"https:\/\/gedpreparationcenter.com\/shop\/ged-english\/","name":"GED Online Classes (English) - GED Preparation Center","isPartOf":{"@id":"https:\/\/gedpreparationcenter.com\/#website"},"primaryImageOfPage":{"@id":"https:\/\/gedpreparationcenter.com\/shop\/ged-english\/#primaryimage"},"image":{"@id":"https:\/\/gedpreparationcenter.com\/shop\/ged-english\/#primaryimage"},"thumbnailUrl":"https:\/\/gedpreparationcenter.com\/wp-content\/uploads\/2024\/08\/ged-students.jpg","datePublished":"2024-08-07T04:00:56+00:00","dateModified":"2026-03-27T05:37:59+00:00","description":"Esta es la p\u00e1gina en la que se matricula en sus clases en l\u00ednea. Te inscribes en 5 asignaturas: Matem\u00e1ticas, Ciencias, Lectura, Escritura y Estudios Sociales.","breadcrumb":{"@id":"https:\/\/gedpreparationcenter.com\/shop\/ged-english\/#breadcrumb"},"inLanguage":"es","potentialAction":[{"@type":"ReadAction","target":["https:\/\/gedpreparationcenter.com\/shop\/ged-english\/"]}]},{"@type":"ImageObject","inLanguage":"es","@id":"https:\/\/gedpreparationcenter.com\/shop\/ged-english\/#primaryimage","url":"https:\/\/gedpreparationcenter.com\/wp-content\/uploads\/2024\/08\/ged-students.jpg","contentUrl":"https:\/\/gedpreparationcenter.com\/wp-content\/uploads\/2024\/08\/ged-students.jpg","width":896,"height":597},{"@type":"BreadcrumbList","@id":"https:\/\/gedpreparationcenter.com\/shop\/ged-english\/#breadcrumb","itemListElement":[{"@type":"ListItem","position":1,"name":"Home","item":"https:\/\/gedpreparationcenter.com\/"},{"@type":"ListItem","position":2,"name":"Shop","item":"https:\/\/gedpreparationcenter.com\/shop\/"},{"@type":"ListItem","position":3,"name":"GED Online Classes (English)"}]},{"@type":"WebSite","@id":"https:\/\/gedpreparationcenter.com\/#website","url":"https:\/\/gedpreparationcenter.com\/","name":"Centro de Preparaci\u00f3n para el GED","description":"","publisher":{"@id":"https:\/\/gedpreparationcenter.com\/#organization"},"potentialAction":[{"@type":"SearchAction","target":{"@type":"EntryPoint","urlTemplate":"https:\/\/gedpreparationcenter.com\/?s={search_term_string}"},"query-input":{"@type":"PropertyValueSpecification","valueRequired":true,"valueName":"search_term_string"}}],"inLanguage":"es"},{"@type":"Organization","@id":"https:\/\/gedpreparationcenter.com\/#organization","name":"Centro de Preparaci\u00f3n para el GED","url":"https:\/\/gedpreparationcenter.com\/","logo":{"@type":"ImageObject","inLanguage":"es","@id":"https:\/\/gedpreparationcenter.com\/#\/schema\/logo\/image\/","url":"https:\/\/gedpreparationcenter.com\/wp-content\/uploads\/2024\/08\/favicon.png","contentUrl":"https:\/\/gedpreparationcenter.com\/wp-content\/uploads\/2024\/08\/favicon.png","width":1024,"height":1024,"caption":"GED Preparation Center"},"image":{"@id":"https:\/\/gedpreparationcenter.com\/#\/schema\/logo\/image\/"},"sameAs":["https:\/\/instagram.com\/gedpreparationcenter"]}]}},"_links":{"self":[{"href":"https:\/\/gedpreparationcenter.com\/es\/wp-json\/wp\/v2\/product\/581","targetHints":{"allow":["GET"]}}],"collection":[{"href":"https:\/\/gedpreparationcenter.com\/es\/wp-json\/wp\/v2\/product"}],"about":[{"href":"https:\/\/gedpreparationcenter.com\/es\/wp-json\/wp\/v2\/types\/product"}],"version-history":[{"count":1,"href":"https:\/\/gedpreparationcenter.com\/es\/wp-json\/wp\/v2\/product\/581\/revisions"}],"predecessor-version":[{"id":2850,"href":"https:\/\/gedpreparationcenter.com\/es\/wp-json\/wp\/v2\/product\/581\/revisions\/2850"}],"wp:featuredmedia":[{"embeddable":true,"href":"https:\/\/gedpreparationcenter.com\/es\/wp-json\/wp\/v2\/media\/584"}],"wp:attachment":[{"href":"https:\/\/gedpreparationcenter.com\/es\/wp-json\/wp\/v2\/media?parent=581"}],"wp:term":[{"taxonomy":"product_brand","embeddable":true,"href":"https:\/\/gedpreparationcenter.com\/es\/wp-json\/wp\/v2\/product_brand?post=581"},{"taxonomy":"product_cat","embeddable":true,"href":"https:\/\/gedpreparationcenter.com\/es\/wp-json\/wp\/v2\/product_cat?post=581"},{"taxonomy":"product_tag","embeddable":true,"href":"https:\/\/gedpreparationcenter.com\/es\/wp-json\/wp\/v2\/product_tag?post=581"}],"curies":[{"name":"wp","href":"https:\/\/api.w.org\/{rel}","templated":true}]}}